{"id":19,"date":"2019-02-23T16:08:51","date_gmt":"2019-02-23T16:08:51","guid":{"rendered":"http:\/\/hccomex.com.br\/?page_id=19"},"modified":"2024-04-01T16:04:54","modified_gmt":"2024-04-01T19:04:54","slug":"fale-conosco","status":"publish","type":"page","link":"https:\/\/lebimportadora.com.br\/index.php\/fale-conosco\/","title":{"rendered":"Fale Conosco"},"content":{"rendered":"\t<section class=\"section\" id=\"section_65018726\">\n\t\t<div class=\"bg section-bg fill bg-fill  bg-loaded\" >\n\n\t\t\t\n\t\t\t\n\t\t\t\n\n\t\t<\/div><!-- .section-bg -->\n\n\t\t<div class=\"section-content relative\">\n\t\t\t\n<div class=\"container section-title-container\" ><h3 class=\"section-title section-title-center\"><b><\/b><span class=\"section-title-main\" >contato<\/span><b><\/b><\/h3><\/div><!-- .section-title -->\n<div class=\"gap-element\" style=\"display:block; height:auto; padding-top:30px\" class=\"clearfix\"><\/div>\n<div class=\"row row-collapse align-center\"  id=\"row-1802664519\">\n<div class=\"col medium-6 small-12 large-6\"  ><div class=\"col-inner text-center\" style=\"padding:20px 20px 20px 20px;\" >\n<h2 style=\"text-align: left;\">LEB Importadora<\/h2>\n<p style=\"text-align: left;\">Para informa\u00e7\u00f5es sobre or\u00e7amento, formas de pagamento, d\u00favidas ou sugest\u00f5es, ligue para n\u00f3s ou envie uma mensagem atrav\u00e9s do formul\u00e1rio abaixo. Teremos muita satisfa\u00e7\u00e3o em atend\u00ea-lo.<\/p>\n<div class=\"row row-collapse row-full-width align-middle align-center\"  id=\"row-1601501719\">\n<div class=\"col small-12 large-12\"  ><div class=\"col-inner\"  >\n\n\t\t<div class=\"icon-box featured-box icon-box-left text-left is-large\"  >\n\t\t\t\t\t<div class=\"icon-box-img\" style=\"width: 35px\">\n\t\t\t\t<div class=\"icon\">\n\t\t\t\t\t<div class=\"icon-inner\" style=\"color:rgb(47, 48, 146);\">\n\t\t\t\t\t\t<?xml version=\"1.0\" encoding=\"iso-8859-1\"?>\r\n<!-- Generator: Adobe Illustrator 16.0.0, SVG Export Plug-In . SVG Version: 6.00 Build 0)  -->\r\n<!DOCTYPE svg PUBLIC \"-\/\/W3C\/\/DTD SVG 1.1\/\/EN\" \"http:\/\/www.w3.org\/Graphics\/SVG\/1.1\/DTD\/svg11.dtd\">\r\n<svg version=\"1.1\" id=\"Capa_1\" xmlns=\"http:\/\/www.w3.org\/2000\/svg\" xmlns:xlink=\"http:\/\/www.w3.org\/1999\/xlink\" x=\"0px\" y=\"0px\"\r\n\t width=\"401.998px\" height=\"401.998px\" viewBox=\"0 0 401.998 401.998\" style=\"enable-background:new 0 0 401.998 401.998;\"\r\n\t xml:space=\"preserve\">\r\n<g>\r\n\t<path d=\"M401.129,311.475c-1.137-3.426-8.371-8.473-21.697-15.129c-3.61-2.098-8.754-4.949-15.41-8.566\r\n\t\tc-6.662-3.617-12.709-6.95-18.13-9.996c-5.432-3.045-10.521-5.995-15.276-8.846c-0.76-0.571-3.139-2.234-7.136-5\r\n\t\tc-4.001-2.758-7.375-4.805-10.14-6.14c-2.759-1.327-5.473-1.995-8.138-1.995c-3.806,0-8.56,2.714-14.268,8.135\r\n\t\tc-5.708,5.428-10.944,11.324-15.7,17.706c-4.757,6.379-9.802,12.275-15.126,17.7c-5.332,5.427-9.713,8.138-13.135,8.138\r\n\t\tc-1.718,0-3.86-0.479-6.427-1.424c-2.566-0.951-4.518-1.766-5.858-2.423c-1.328-0.671-3.607-1.999-6.845-4.004\r\n\t\tc-3.244-1.999-5.048-3.094-5.428-3.285c-26.075-14.469-48.438-31.029-67.093-49.676c-18.649-18.658-35.211-41.019-49.676-67.097\r\n\t\tc-0.19-0.381-1.287-2.19-3.284-5.424c-2-3.237-3.333-5.518-3.999-6.854c-0.666-1.331-1.475-3.283-2.425-5.852\r\n\t\ts-1.427-4.709-1.427-6.424c0-3.424,2.713-7.804,8.138-13.134c5.424-5.327,11.326-10.373,17.7-15.128\r\n\t\tc6.379-4.755,12.275-9.991,17.701-15.699c5.424-5.711,8.136-10.467,8.136-14.273c0-2.663-0.666-5.378-1.997-8.137\r\n\t\tc-1.332-2.765-3.378-6.139-6.139-10.138c-2.762-3.997-4.427-6.374-4.999-7.139c-2.852-4.755-5.799-9.846-8.848-15.271\r\n\t\tc-3.049-5.424-6.377-11.47-9.995-18.131c-3.615-6.658-6.468-11.799-8.564-15.415C98.986,9.233,93.943,1.997,90.516,0.859\r\n\t\tC89.183,0.288,87.183,0,84.521,0c-5.142,0-11.85,0.95-20.129,2.856c-8.282,1.903-14.799,3.899-19.558,5.996\r\n\t\tc-9.517,3.995-19.604,15.605-30.264,34.826C4.863,61.566,0.01,79.271,0.01,96.78c0,5.135,0.333,10.131,0.999,14.989\r\n\t\tc0.666,4.853,1.856,10.326,3.571,16.418c1.712,6.09,3.093,10.614,4.137,13.56c1.045,2.948,2.996,8.229,5.852,15.845\r\n\t\tc2.852,7.614,4.567,12.275,5.138,13.988c6.661,18.654,14.56,35.307,23.695,49.964c15.03,24.362,35.541,49.539,61.521,75.521\r\n\t\tc25.981,25.98,51.153,46.49,75.517,61.526c14.655,9.134,31.314,17.032,49.965,23.698c1.714,0.568,6.375,2.279,13.986,5.141\r\n\t\tc7.614,2.854,12.897,4.805,15.845,5.852c2.949,1.048,7.474,2.43,13.559,4.145c6.098,1.715,11.566,2.905,16.419,3.576\r\n\t\tc4.856,0.657,9.853,0.996,14.989,0.996c17.508,0,35.214-4.856,53.105-14.562c19.219-10.656,30.826-20.745,34.823-30.269\r\n\t\tc2.102-4.754,4.093-11.273,5.996-19.555c1.909-8.278,2.857-14.985,2.857-20.126C401.99,314.814,401.703,312.819,401.129,311.475z\"\r\n\t\t\/>\r\n<\/g>\r\n<g>\r\n<\/g>\r\n<g>\r\n<\/g>\r\n<g>\r\n<\/g>\r\n<g>\r\n<\/g>\r\n<g>\r\n<\/g>\r\n<g>\r\n<\/g>\r\n<g>\r\n<\/g>\r\n<g>\r\n<\/g>\r\n<g>\r\n<\/g>\r\n<g>\r\n<\/g>\r\n<g>\r\n<\/g>\r\n<g>\r\n<\/g>\r\n<g>\r\n<\/g>\r\n<g>\r\n<\/g>\r\n<g>\r\n<\/g>\r\n<\/svg>\r\n\t\t\t\t\t<\/div>\n\t\t\t\t<\/div>\n\t\t\t<\/div>\n\t\t\t\t<div class=\"icon-box-text last-reset\">\n\t\t\t\t\t\t\t\t\t\n<p><a href=\"tel:+558230228556\">+55 (82) 3022-8556<\/a><\/p>\n\t\t<\/div>\n\t<\/div><!-- .icon-box -->\n\t\n\t\n<\/div><\/div>\n\n<style scope=\"scope\">\n\n#row-1601501719 > .col > .col-inner {\n  padding: 5px 0px 5px 0px;\n}\n<\/style>\n<\/div>\n<div class=\"row row-collapse row-full-width align-middle align-center\"  id=\"row-299860404\">\n<div class=\"col small-12 large-12\"  ><div class=\"col-inner\"  >\n\n\t\t<div class=\"icon-box featured-box icon-box-left text-left is-large\"  >\n\t\t\t\t\t<div class=\"icon-box-img\" style=\"width: 35px\">\n\t\t\t\t<div class=\"icon\">\n\t\t\t\t\t<div class=\"icon-inner\" style=\"color:rgb(47, 48, 146);\">\n\t\t\t\t\t\t<?xml version=\"1.0\" encoding=\"iso-8859-1\"?>\r\n<!-- Generator: Adobe Illustrator 19.0.0, SVG Export Plug-In . SVG Version: 6.00 Build 0)  -->\r\n<svg version=\"1.1\" id=\"Capa_1\" xmlns=\"http:\/\/www.w3.org\/2000\/svg\" xmlns:xlink=\"http:\/\/www.w3.org\/1999\/xlink\" x=\"0px\" y=\"0px\"\r\n\t viewBox=\"0 0 511.974 511.974\" style=\"enable-background:new 0 0 511.974 511.974;\" xml:space=\"preserve\">\r\n<g>\r\n\t<g>\r\n\t\t<g>\r\n\t\t\t<path d=\"M511.872,195.725c-0.053-0.588-0.17-1.169-0.35-1.732c-0.117-0.503-0.28-0.994-0.486-1.468\r\n\t\t\t\tc-0.239-0.463-0.525-0.901-0.853-1.306c-0.329-0.481-0.71-0.924-1.135-1.323c-0.137-0.119-0.196-0.282-0.341-0.401\r\n\t\t\t\tl-82.065-63.735V59.704c0-14.138-11.462-25.6-25.6-25.6h-92.476L271.539,5.355c-9.147-7.134-21.974-7.134-31.121,0\r\n\t\t\t\tl-37.035,28.749h-92.476c-14.138,0-25.6,11.461-25.6,25.6v66.057L3.268,189.496c-0.145,0.12-0.205,0.282-0.341,0.401\r\n\t\t\t\tc-0.425,0.398-0.806,0.842-1.135,1.323c-0.328,0.405-0.614,0.842-0.853,1.306c-0.207,0.473-0.369,0.965-0.486,1.468\r\n\t\t\t\tc-0.178,0.555-0.295,1.127-0.35,1.707c0,0.179-0.102,0.333-0.102,0.512V486.37c0.012,5.428,1.768,10.708,5.009,15.061\r\n\t\t\t\tc0.051,0.077,0.06,0.171,0.119,0.239c0.06,0.068,0.188,0.145,0.273,0.239c4.794,6.308,12.25,10.027,20.173,10.061h460.8\r\n\t\t\t\tc7.954-0.024,15.441-3.761,20.241-10.103c0.068-0.085,0.171-0.111,0.23-0.196c0.06-0.085,0.068-0.162,0.12-0.239\r\n\t\t\t\tc3.241-4.354,4.997-9.634,5.009-15.061V196.237C511.974,196.058,511.881,195.904,511.872,195.725z M250.854,18.82\r\n\t\t\t\tc2.98-2.368,7.2-2.368,10.18,0l19.686,15.283h-49.493L250.854,18.82z M27.725,494.904l223.13-173.321\r\n\t\t\t\tc2.982-2.364,7.199-2.364,10.18,0l223.189,173.321H27.725z M494.908,481.6L271.539,308.117c-9.149-7.128-21.972-7.128-31.121,0\r\n\t\t\t\tL17.041,481.6V209.233L156.877,317.82c3.726,2.889,9.088,2.211,11.977-1.515c2.889-3.726,2.211-9.088-1.515-11.977\r\n\t\t\t\tL25.276,194.018l60.032-46.652v65.937c0,4.713,3.821,8.533,8.533,8.533c4.713,0,8.533-3.821,8.533-8.533v-153.6\r\n\t\t\t\tc0-4.713,3.82-8.533,8.533-8.533h290.133c4.713,0,8.533,3.82,8.533,8.533v153.6c0,4.713,3.82,8.533,8.533,8.533\r\n\t\t\t\ts8.533-3.821,8.533-8.533v-65.937l60.032,46.652l-142.31,110.507c-2.448,1.855-3.711,4.883-3.305,7.928s2.417,5.637,5.266,6.786\r\n\t\t\t\tc2.849,1.149,6.096,0.679,8.501-1.232l140.083-108.774V481.6z\"\/>\r\n\t\t\t<path d=\"M358.374,204.77v-34.133c0-56.554-45.846-102.4-102.4-102.4c-56.554,0-102.4,45.846-102.4,102.4\r\n\t\t\t\ts45.846,102.4,102.4,102.4c4.713,0,8.533-3.82,8.533-8.533s-3.82-8.533-8.533-8.533c-47.128,0-85.333-38.205-85.333-85.333\r\n\t\t\t\ts38.205-85.333,85.333-85.333s85.333,38.205,85.333,85.333v34.133c0,9.426-7.641,17.067-17.067,17.067\r\n\t\t\t\ts-17.067-7.641-17.067-17.067v-34.133c0-4.713-3.82-8.533-8.533-8.533s-8.533,3.82-8.533,8.533\r\n\t\t\t\tc0,18.851-15.282,34.133-34.133,34.133c-18.851,0-34.133-15.282-34.133-34.133s15.282-34.133,34.133-34.133\r\n\t\t\t\tc4.713,0,8.533-3.82,8.533-8.533s-3.82-8.533-8.533-8.533c-22.915-0.051-43.074,15.13-49.354,37.168\r\n\t\t\t\tc-6.28,22.038,2.847,45.565,22.347,57.601c19.5,12.036,44.622,9.65,61.507-5.843c1.858,18.046,17.543,31.464,35.659,30.505\r\n\t\t\t\tC344.25,237.91,358.431,222.912,358.374,204.77z\"\/>\r\n\t\t<\/g>\r\n\t<\/g>\r\n<\/g>\r\n<g>\r\n<\/g>\r\n<g>\r\n<\/g>\r\n<g>\r\n<\/g>\r\n<g>\r\n<\/g>\r\n<g>\r\n<\/g>\r\n<g>\r\n<\/g>\r\n<g>\r\n<\/g>\r\n<g>\r\n<\/g>\r\n<g>\r\n<\/g>\r\n<g>\r\n<\/g>\r\n<g>\r\n<\/g>\r\n<g>\r\n<\/g>\r\n<g>\r\n<\/g>\r\n<g>\r\n<\/g>\r\n<g>\r\n<\/g>\r\n<\/svg>\r\n\t\t\t\t\t<\/div>\n\t\t\t\t<\/div>\n\t\t\t<\/div>\n\t\t\t\t<div class=\"icon-box-text last-reset\">\n\t\t\t\t\t\t\t\t\t\n<p><a href=\"mailto:contato@lebimportadora.com.br\">contato@lebimportadora.com.br<\/a><\/p>\n\t\t<\/div>\n\t<\/div><!-- .icon-box -->\n\t\n\t\n<p style=\"text-align: left;\">Rua Bar\u00e3o de Penedo 187, Sala 214<\/br>Centro &#8211; Macei\u00f3 &#8211; AL 57.020-340<\/p>\n<p>\u00a0<\/p>\n<\/div><\/div>\n\n<style scope=\"scope\">\n\n#row-299860404 > .col > .col-inner {\n  padding: 5px 0px 5px 0px;\n}\n<\/style>\n<\/div>\n<\/div><\/div>\n<div class=\"col medium-6 small-12 large-6\"  ><div class=\"col-inner text-left\" style=\"padding:20px 20px 20px 20px;\" >\n\n<div class=\"wpcf7 no-js\" id=\"wpcf7-f658-o1\" lang=\"pt-BR\" dir=\"ltr\">\n<div class=\"screen-reader-response\"><p role=\"status\" aria-live=\"polite\" aria-atomic=\"true\"><\/p> <ul><\/ul><\/div>\n<form action=\"\/index.php\/wp-json\/wp\/v2\/pages\/19#wpcf7-f658-o1\" method=\"post\" class=\"wpcf7-form init\" aria-label=\"Formul\u00e1rios de contato\" novalidate=\"novalidate\" data-status=\"init\">\n<div style=\"display: none;\">\n<input type=\"hidden\" name=\"_wpcf7\" value=\"658\" \/>\n<input type=\"hidden\" name=\"_wpcf7_version\" value=\"5.7.7\" \/>\n<input type=\"hidden\" name=\"_wpcf7_locale\" value=\"pt_BR\" \/>\n<input type=\"hidden\" name=\"_wpcf7_unit_tag\" value=\"wpcf7-f658-o1\" \/>\n<input type=\"hidden\" name=\"_wpcf7_container_post\" value=\"0\" \/>\n<input type=\"hidden\" name=\"_wpcf7_posted_data_hash\" value=\"\" \/>\n<\/div>\n<p><label> Seu nome (obrigat\u00f3rio)<br \/>\n<span class=\"wpcf7-form-control-wrap\" data-name=\"your-name\"><input size=\"40\" class=\"wpcf7-form-control wpcf7-text wpcf7-validates-as-required\" aria-required=\"true\" aria-invalid=\"false\" value=\"\" type=\"text\" name=\"your-name\" \/><\/span> <\/label>\n<\/p>\n<p><label> Seu e-mail (obrigat\u00f3rio)<br \/>\n<span class=\"wpcf7-form-control-wrap\" data-name=\"your-email\"><input size=\"40\" class=\"wpcf7-form-control wpcf7-text wpcf7-email wpcf7-validates-as-required wpcf7-validates-as-email\" aria-required=\"true\" aria-invalid=\"false\" value=\"\" type=\"email\" name=\"your-email\" \/><\/span> <\/label>\n<\/p>\n<p><label> Assunto<br \/>\n<span class=\"wpcf7-form-control-wrap\" data-name=\"your-subject\"><input size=\"40\" class=\"wpcf7-form-control wpcf7-text\" aria-invalid=\"false\" value=\"\" type=\"text\" name=\"your-subject\" \/><\/span> <\/label>\n<\/p>\n<p><label> Sua mensagem<br \/>\n<span class=\"wpcf7-form-control-wrap\" data-name=\"your-message\"><textarea cols=\"40\" rows=\"10\" class=\"wpcf7-form-control wpcf7-textarea\" aria-invalid=\"false\" name=\"your-message\"><\/textarea><\/span> <\/label>\n<\/p>\n<p><input class=\"wpcf7-form-control has-spinner wpcf7-submit\" type=\"submit\" value=\"Enviar\" \/>\n<\/p><div class=\"wpcf7-response-output\" aria-hidden=\"true\"><\/div>\n<\/form>\n<\/div>\n\n<\/div><\/div>\n\n<style scope=\"scope\">\n\n<\/style>\n<\/div>\n\t\t<\/div><!-- .section-content -->\n\n\t\t\n<style scope=\"scope\">\n\n#section_65018726 {\n  padding-top: 50px;\n  padding-bottom: 50px;\n}\n<\/style>\n\t<\/section>\n\t\n<p>Lorem ipsum dolor sit amet, consectetuer adipiscing elit, sed diam nonummy nibh euismod tincidunt ut laoreet dolore magna aliquam erat volutpat.<\/p>\n","protected":false},"excerpt":{"rendered":"<p>Lorem ipsum dolor sit amet, consectetuer adipiscing elit, sed diam nonummy nibh euismod tincidunt ut laoreet dolore magna aliquam erat volutpat.<\/p>\n","protected":false},"author":3,"featured_media":0,"parent":0,"menu_order":0,"comment_status":"closed","ping_status":"closed","template":"page-blank.php","meta":{"footnotes":""},"_links":{"self":[{"href":"https:\/\/lebimportadora.com.br\/index.php\/wp-json\/wp\/v2\/pages\/19"}],"collection":[{"href":"https:\/\/lebimportadora.com.br\/index.php\/wp-json\/wp\/v2\/pages"}],"about":[{"href":"https:\/\/lebimportadora.com.br\/index.php\/wp-json\/wp\/v2\/types\/page"}],"author":[{"embeddable":true,"href":"https:\/\/lebimportadora.com.br\/index.php\/wp-json\/wp\/v2\/users\/3"}],"replies":[{"embeddable":true,"href":"https:\/\/lebimportadora.com.br\/index.php\/wp-json\/wp\/v2\/comments?post=19"}],"version-history":[{"count":10,"href":"https:\/\/lebimportadora.com.br\/index.php\/wp-json\/wp\/v2\/pages\/19\/revisions"}],"predecessor-version":[{"id":787,"href":"https:\/\/lebimportadora.com.br\/index.php\/wp-json\/wp\/v2\/pages\/19\/revisions\/787"}],"wp:attachment":[{"href":"https:\/\/lebimportadora.com.br\/index.php\/wp-json\/wp\/v2\/media?parent=19"}],"curies":[{"name":"wp","href":"https:\/\/api.w.org\/{rel}","templated":true}]}}