{"id":23,"date":"2019-02-23T16:09:36","date_gmt":"2019-02-23T19:09:36","guid":{"rendered":"http:\/\/hccomex.com.br\/?page_id=23"},"modified":"2024-03-31T23:41:43","modified_gmt":"2024-04-01T02:41:43","slug":"galeria","status":"publish","type":"page","link":"https:\/\/lebimportadora.com.br\/index.php\/galeria\/","title":{"rendered":"Galeria"},"content":{"rendered":"\t<section class=\"section\" id=\"section_262446708\">\n\t\t<div class=\"bg section-bg fill bg-fill  bg-loaded\" >\n\n\t\t\t\n\t\t\t\n\t\t\t\n\n\t\t<\/div><!-- .section-bg -->\n\n\t\t<div class=\"section-content relative\">\n\t\t\t\n<div class=\"row\"  id=\"row-871410167\">\n<div class=\"col small-12 large-12\"  ><div class=\"col-inner text-center\"  >\n<h2>Conhe\u00e7a nossa sala de degusta\u00e7\u00e3o..<\/h2>\n<div class=\"text-center\"><div class=\"is-divider divider clearfix\" style=\"margin-top:0px;margin-bottom:0px;max-width:250px;height:4px;background-color:rgb(46, 48, 146);\"><\/div><\/div><!-- .divider -->\n<\/div><\/div>\n<\/div>\n<div class=\"row row-large row-full-width align-middle align-center\"  id=\"row-567449430\">\n<div class=\"col medium-6 small-12 large-6\"  ><div class=\"col-inner\"  >\n\t<div class=\"img has-hover x md-x lg-x y md-y lg-y\" id=\"image_130147892\">\n\t\t\t\t\t\t\t\t<div class=\"img-inner dark\" >\n\t\t\t<img loading=\"lazy\" decoding=\"async\" width=\"1020\" height=\"677\" src=\"https:\/\/lebimportadora.com.br\/wp-content\/uploads\/2020\/02\/DSC_0510-1024x680.jpg\" class=\"attachment-large size-large\" alt=\"\" srcset=\"https:\/\/lebimportadora.com.br\/wp-content\/uploads\/2020\/02\/DSC_0510-1024x680.jpg 1024w, https:\/\/lebimportadora.com.br\/wp-content\/uploads\/2020\/02\/DSC_0510-300x199.jpg 300w, https:\/\/lebimportadora.com.br\/wp-content\/uploads\/2020\/02\/DSC_0510-768x510.jpg 768w, https:\/\/lebimportadora.com.br\/wp-content\/uploads\/2020\/02\/DSC_0510-1536x1020.jpg 1536w, https:\/\/lebimportadora.com.br\/wp-content\/uploads\/2020\/02\/DSC_0510-2048x1360.jpg 2048w\" sizes=\"(max-width: 1020px) 100vw, 1020px\" \/>\t\t\t\t\t\t\n\t\t\t\t\t<\/div>\n\t\t\t\t\t\t\t\t\n<style scope=\"scope\">\n\n#image_130147892 {\n  width: 100%;\n}\n<\/style>\n\t<\/div>\n\t\n<\/div><\/div>\n<div class=\"col medium-6 small-12 large-6\"  ><div class=\"col-inner\"  >\n\t<div class=\"img has-hover x md-x lg-x y md-y lg-y\" id=\"image_152648092\">\n\t\t\t\t\t\t\t\t<div class=\"img-inner dark\" >\n\t\t\t<img loading=\"lazy\" decoding=\"async\" width=\"1020\" height=\"677\" src=\"https:\/\/lebimportadora.com.br\/wp-content\/uploads\/2020\/02\/DSC_0508-1024x680.jpg\" class=\"attachment-large size-large\" alt=\"\" srcset=\"https:\/\/lebimportadora.com.br\/wp-content\/uploads\/2020\/02\/DSC_0508-1024x680.jpg 1024w, https:\/\/lebimportadora.com.br\/wp-content\/uploads\/2020\/02\/DSC_0508-300x199.jpg 300w, https:\/\/lebimportadora.com.br\/wp-content\/uploads\/2020\/02\/DSC_0508-768x510.jpg 768w, https:\/\/lebimportadora.com.br\/wp-content\/uploads\/2020\/02\/DSC_0508-1536x1020.jpg 1536w, https:\/\/lebimportadora.com.br\/wp-content\/uploads\/2020\/02\/DSC_0508-2048x1360.jpg 2048w\" sizes=\"(max-width: 1020px) 100vw, 1020px\" \/>\t\t\t\t\t\t\n\t\t\t\t\t<\/div>\n\t\t\t\t\t\t\t\t\n<style scope=\"scope\">\n\n#image_152648092 {\n  width: 100%;\n}\n<\/style>\n\t<\/div>\n\t\n<\/div><\/div>\n\n<style scope=\"scope\">\n\n<\/style>\n<\/div>\n<div class=\"gap-element\" style=\"display:block; height:auto; padding-top:55px\" class=\"clearfix\"><\/div>\n<div class=\"row row-collapse row-full-width align-middle align-center\"  id=\"row-318834749\">\n<div class=\"col small-12 large-12\"  ><div class=\"col-inner text-center\"  >\n<div class=\"row row-collapse align-middle align-center\"  id=\"row-652018104\">\n<div class=\"col small-12 large-12\"  ><div class=\"col-inner\"  >\n<p>Em breve aqui, uma galeria de fotos da LEB Importadora durante suas participa\u00e7\u00f5es em eventos.<\/p>\n<\/div><\/div>\n\n<style scope=\"scope\">\n\n<\/style>\n<\/div>\n<\/div><\/div>\n\n<style scope=\"scope\">\n\n<\/style>\n<\/div>\n<div class=\"gap-element\" style=\"display:block; height:auto; padding-top:55px\" class=\"clearfix\"><\/div>\n  <div class=\"banner-grid-wrapper\">\n  <div id=\"banner-grid-37690473\" class=\"banner-grid row row-grid row-collapse row-full-width\" data-packery-options=\"\">\n                      \n<div class=\"col grid-col large-6 grid-col-1\" ><div class=\"col-inner\">\n\t<div class=\"img has-hover x md-x lg-x y md-y lg-y\" id=\"image_1497982904\">\n\t\t\t\t\t\t\t\t<div class=\"img-inner dark\" >\n\t\t\t<img loading=\"lazy\" decoding=\"async\" width=\"619\" height=\"600\" src=\"https:\/\/lebimportadora.com.br\/wp-content\/uploads\/2019\/03\/GRID_01.jpg\" class=\"attachment-original size-original\" alt=\"\" srcset=\"https:\/\/lebimportadora.com.br\/wp-content\/uploads\/2019\/03\/GRID_01.jpg 619w, https:\/\/lebimportadora.com.br\/wp-content\/uploads\/2019\/03\/GRID_01-300x291.jpg 300w\" sizes=\"(max-width: 619px) 100vw, 619px\" \/>\t\t\t\t\t\t\n\t\t\t\t\t<\/div>\n\t\t\t\t\t\t\t\t\n<style scope=\"scope\">\n\n#image_1497982904 {\n  width: 100%;\n}\n<\/style>\n\t<\/div>\n\t\n<\/div><\/div>\n<div class=\"col grid-col large-3 grid-col-1\" ><div class=\"col-inner\">\n\t<div class=\"img has-hover x md-x lg-x y md-y lg-y\" id=\"image_164362921\">\n\t\t\t\t\t\t\t\t<div class=\"img-inner dark\" >\n\t\t\t<img loading=\"lazy\" decoding=\"async\" width=\"310\" height=\"600\" src=\"https:\/\/lebimportadora.com.br\/wp-content\/uploads\/2019\/03\/GRID_02.jpg\" class=\"attachment-original size-original\" alt=\"\" srcset=\"https:\/\/lebimportadora.com.br\/wp-content\/uploads\/2019\/03\/GRID_02.jpg 310w, https:\/\/lebimportadora.com.br\/wp-content\/uploads\/2019\/03\/GRID_02-155x300.jpg 155w\" sizes=\"(max-width: 310px) 100vw, 310px\" \/>\t\t\t\t\t\t\n\t\t\t\t\t<\/div>\n\t\t\t\t\t\t\t\t\n<style scope=\"scope\">\n\n#image_164362921 {\n  width: 100%;\n}\n<\/style>\n\t<\/div>\n\t\n<\/div><\/div>\n<div class=\"col grid-col large-3 grid-col-1-2\" ><div class=\"col-inner\">\n\t<div class=\"img has-hover x md-x lg-x y md-y lg-y\" id=\"image_522857436\">\n\t\t\t\t\t\t\t\t<div class=\"img-inner dark\" >\n\t\t\t<img loading=\"lazy\" decoding=\"async\" width=\"312\" height=\"300\" src=\"https:\/\/lebimportadora.com.br\/wp-content\/uploads\/2019\/03\/GRID_03.jpg\" class=\"attachment-original size-original\" alt=\"\" srcset=\"https:\/\/lebimportadora.com.br\/wp-content\/uploads\/2019\/03\/GRID_03.jpg 312w, https:\/\/lebimportadora.com.br\/wp-content\/uploads\/2019\/03\/GRID_03-300x288.jpg 300w\" sizes=\"(max-width: 312px) 100vw, 312px\" \/>\t\t\t\t\t\t\n\t\t\t\t\t<\/div>\n\t\t\t\t\t\t\t\t\n<style scope=\"scope\">\n\n#image_522857436 {\n  width: 100%;\n}\n<\/style>\n\t<\/div>\n\t\n<\/div><\/div>\n<div class=\"col grid-col large-3 grid-col-1-2\" ><div class=\"col-inner\">\n\t<div class=\"img has-hover x md-x lg-x y md-y lg-y\" id=\"image_1735843446\">\n\t\t\t\t\t\t\t\t<div class=\"img-inner dark\" >\n\t\t\t<img loading=\"lazy\" decoding=\"async\" width=\"312\" height=\"300\" src=\"https:\/\/lebimportadora.com.br\/wp-content\/uploads\/2019\/03\/GRID_04.jpg\" class=\"attachment-original size-original\" alt=\"\" srcset=\"https:\/\/lebimportadora.com.br\/wp-content\/uploads\/2019\/03\/GRID_04.jpg 312w, https:\/\/lebimportadora.com.br\/wp-content\/uploads\/2019\/03\/GRID_04-300x288.jpg 300w\" sizes=\"(max-width: 312px) 100vw, 312px\" \/>\t\t\t\t\t\t\n\t\t\t\t\t<\/div>\n\t\t\t\t\t\t\t\t\n<style scope=\"scope\">\n\n#image_1735843446 {\n  width: 100%;\n}\n<\/style>\n\t<\/div>\n\t\n<\/div><\/div>\n            <\/div><!-- .banner-grid .row .grid -->\n    <style scope=\"scope\">\n    #banner-grid-37690473 .grid-col-1{height: 600px}\n    #banner-grid-37690473 .grid-col-1-2{height: 300px}\n    #banner-grid-37690473 .grid-col-1-3{height:200px}\n    #banner-grid-37690473 .grid-col-2-3{height: 400px}\n    #banner-grid-37690473 .grid-col-1-4{height: 150px}\n    #banner-grid-37690473 .grid-col-3-4{height: 450px}\n\n\n    \n    \n\n  <\/style>\n    <\/div><!-- .banner-grid-wrapper -->\n  \n\t\t<\/div><!-- .section-content -->\n\n\t\t\n<style scope=\"scope\">\n\n#section_262446708 {\n  padding-top: 50px;\n  padding-bottom: 50px;\n}\n<\/style>\n\t<\/section>\n\t\n","protected":false},"excerpt":{"rendered":"","protected":false},"author":3,"featured_media":0,"parent":0,"menu_order":0,"comment_status":"closed","ping_status":"closed","template":"page-blank.php","meta":{"footnotes":""},"_links":{"self":[{"href":"https:\/\/lebimportadora.com.br\/index.php\/wp-json\/wp\/v2\/pages\/23"}],"collection":[{"href":"https:\/\/lebimportadora.com.br\/index.php\/wp-json\/wp\/v2\/pages"}],"about":[{"href":"https:\/\/lebimportadora.com.br\/index.php\/wp-json\/wp\/v2\/types\/page"}],"author":[{"embeddable":true,"href":"https:\/\/lebimportadora.com.br\/index.php\/wp-json\/wp\/v2\/users\/3"}],"replies":[{"embeddable":true,"href":"https:\/\/lebimportadora.com.br\/index.php\/wp-json\/wp\/v2\/comments?post=23"}],"version-history":[{"count":9,"href":"https:\/\/lebimportadora.com.br\/index.php\/wp-json\/wp\/v2\/pages\/23\/revisions"}],"predecessor-version":[{"id":783,"href":"https:\/\/lebimportadora.com.br\/index.php\/wp-json\/wp\/v2\/pages\/23\/revisions\/783"}],"wp:attachment":[{"href":"https:\/\/lebimportadora.com.br\/index.php\/wp-json\/wp\/v2\/media?parent=23"}],"curies":[{"name":"wp","href":"https:\/\/api.w.org\/{rel}","templated":true}]}}