{"id":25,"date":"2019-02-23T16:09:54","date_gmt":"2019-02-23T19:09:54","guid":{"rendered":"http:\/\/hccomex.com.br\/?page_id=25"},"modified":"2024-03-31T23:36:57","modified_gmt":"2024-04-01T02:36:57","slug":"sobre-nos","status":"publish","type":"page","link":"https:\/\/lebimportadora.com.br\/index.php\/sobre-nos\/","title":{"rendered":"Sobre n\u00f3s"},"content":{"rendered":"\t<section class=\"section\" id=\"section_916565410\">\n\t\t<div class=\"bg section-bg fill bg-fill  bg-loaded\" >\n\n\t\t\t\n\t\t\t\n\t\t\t\n\n\t\t<\/div><!-- .section-bg -->\n\n\t\t<div class=\"section-content relative\">\n\t\t\t\n<div class=\"row row-small align-middle align-center\"  id=\"row-1741714634\">\n<div class=\"col medium-6 small-12 large-6\"  ><div class=\"col-inner\" style=\"padding:5% 5% 5% 5%;\" >\n<h2>LEB Importadora<\/h2>\n<p>A LEB nasceu em 2019 com a vontade de introduzir novos produtos ao mercado brasileiro. O objetivo da empresa desde o in\u00edcio foi selecionar produtos de qualidade, produzidos por empresas reconhecidas no mercado europeu. Atualmente, a empresa est\u00e1 direcionada ao ramo aliment\u00edcio, tendo em Portugal e Espanha seus principais fornecedores.<\/p>\n<p>A LEB Importadora, representa e distribui marcas exclusivas, de alta qualidade e l\u00edderes de mercado, de produtos feitos especialmente para pessoas que apreciam as coisas boas da vida.<\/p>\n<p>Atualmente trabalhamos com duas divis\u00f5es comerciais: Bebidas e Alimentos Finos, que compartilham de forma produtiva e eficiente as \u00e1reas de representa\u00e7\u00e3o e vendas ao atacado.<\/p>\n<p>A partir dos vinhos INTERDITO, AMN\u00c9SIA, HERDADE DA FIGUEIRINHA e COMENDADOR LEONEL CAMEIRINHA, iniciou-se um trabalho de abertura de mercado, com resultados surpreendentes. Muitos avaliam como uns dos melhores vinhos PORTUGUESES em sua faixa de pre\u00e7o.<\/p>\n<p>Outro produto que merece destaque \u00e9 o azeite FONTE MOURO 0.2 % de acidez N\u00e3o Filtrado EXTRA VIRGEM que tamb\u00e9m dentro da sua faixa de pre\u00e7o apresenta uma excelente qualidade, considerado dos melhores azeites a n\u00edvel nacional.<\/p>\n<p>A LEB Importadora atua em todo territ\u00f3rio nacional, atrav\u00e9s de seus representantes e distribuidores, e seus produtos de acordo com sua categoria se destinam desde as grandes redes de supermercados at\u00e9 aos estabelecimentos especializados (delicatesses), estando ainda inclu\u00eddos dentro deste segmento os restaurantes, hot\u00e9is e emp\u00f3rios.<\/p>\n<\/div><\/div>\n<div class=\"col medium-5 small-12 large-5\"  ><div class=\"col-inner text-center\" style=\"padding:10px 10px 10px 10px;\" >\n<div class=\"row row-collapse row-full-width align-middle align-center\"  id=\"row-1108464164\">\n<div class=\"col small-12 large-12\"  ><div class=\"col-inner text-center\"  >\n<div class=\"container section-title-container\" ><h3 class=\"section-title section-title-center\"><b><\/b><span class=\"section-title-main\" >nossos produtos<\/span><b><\/b><\/h3><\/div><!-- .section-title -->\n\t<div class=\"img has-hover x md-x lg-x y md-y lg-y\" id=\"image_1379567736\">\n\t\t<a href=\"https:\/\/lebimportadora.com.br\/index.php\/produtos\/\" target=\"_self\" class=\"\">\t\t\t\t\t\t<div class=\"img-inner dark\" >\n\t\t\t<img loading=\"lazy\" decoding=\"async\" width=\"560\" height=\"450\" src=\"https:\/\/lebimportadora.com.br\/wp-content\/uploads\/2019\/03\/NEW_PRODUTOS.jpg\" class=\"attachment-original size-original\" alt=\"\" srcset=\"https:\/\/lebimportadora.com.br\/wp-content\/uploads\/2019\/03\/NEW_PRODUTOS.jpg 560w, https:\/\/lebimportadora.com.br\/wp-content\/uploads\/2019\/03\/NEW_PRODUTOS-300x241.jpg 300w\" sizes=\"(max-width: 560px) 100vw, 560px\" \/>\t\t\t\t\t\t\n\t\t\t\t\t<\/div>\n\t\t\t\t\t\t<\/a>\t\t\n<style scope=\"scope\">\n\n#image_1379567736 {\n  width: 100%;\n}\n<\/style>\n\t<\/div>\n\t\n<\/div><\/div>\n\n<style scope=\"scope\">\n\n<\/style>\n<\/div>\n<div class=\"row row-collapse row-full-width align-middle align-center\"  id=\"row-980678593\">\n<div class=\"col small-12 large-12\"  ><div class=\"col-inner text-center\" style=\"padding:20px 0px 0px 0px;\" >\n<div class=\"container section-title-container\" ><h3 class=\"section-title section-title-center\"><b><\/b><span class=\"section-title-main\" >contato<\/span><b><\/b><\/h3><\/div><!-- .section-title -->\n\t<div class=\"img has-hover x md-x lg-x y md-y lg-y\" id=\"image_1385931490\">\n\t\t<a href=\"https:\/\/lebimportadora.com.br\/index.php\/fale-conosco\/\" target=\"_self\" class=\"\">\t\t\t\t\t\t<div class=\"img-inner dark\" >\n\t\t\t<img loading=\"lazy\" decoding=\"async\" width=\"560\" height=\"450\" src=\"https:\/\/lebimportadora.com.br\/wp-content\/uploads\/2019\/03\/CONTATO.png\" class=\"attachment-original size-original\" alt=\"\" srcset=\"https:\/\/lebimportadora.com.br\/wp-content\/uploads\/2019\/03\/CONTATO.png 560w, https:\/\/lebimportadora.com.br\/wp-content\/uploads\/2019\/03\/CONTATO-300x241.png 300w\" sizes=\"(max-width: 560px) 100vw, 560px\" \/>\t\t\t\t\t\t\n\t\t\t\t\t<\/div>\n\t\t\t\t\t\t<\/a>\t\t\n<style scope=\"scope\">\n\n#image_1385931490 {\n  width: 100%;\n}\n<\/style>\n\t<\/div>\n\t\n<\/div><\/div>\n\n<style scope=\"scope\">\n\n<\/style>\n<\/div>\n<\/div><\/div>\n\n<style scope=\"scope\">\n\n<\/style>\n<\/div>\n\t\t<\/div><!-- .section-content -->\n\n\t\t\n<style scope=\"scope\">\n\n#section_916565410 {\n  padding-top: 50px;\n  padding-bottom: 50px;\n  background-color: rgb(255, 255, 255);\n}\n<\/style>\n\t<\/section>\n\t\n","protected":false},"excerpt":{"rendered":"","protected":false},"author":3,"featured_media":0,"parent":0,"menu_order":0,"comment_status":"closed","ping_status":"closed","template":"page-blank.php","meta":{"footnotes":""},"_links":{"self":[{"href":"https:\/\/lebimportadora.com.br\/index.php\/wp-json\/wp\/v2\/pages\/25"}],"collection":[{"href":"https:\/\/lebimportadora.com.br\/index.php\/wp-json\/wp\/v2\/pages"}],"about":[{"href":"https:\/\/lebimportadora.com.br\/index.php\/wp-json\/wp\/v2\/types\/page"}],"author":[{"embeddable":true,"href":"https:\/\/lebimportadora.com.br\/index.php\/wp-json\/wp\/v2\/users\/3"}],"replies":[{"embeddable":true,"href":"https:\/\/lebimportadora.com.br\/index.php\/wp-json\/wp\/v2\/comments?post=25"}],"version-history":[{"count":8,"href":"https:\/\/lebimportadora.com.br\/index.php\/wp-json\/wp\/v2\/pages\/25\/revisions"}],"predecessor-version":[{"id":775,"href":"https:\/\/lebimportadora.com.br\/index.php\/wp-json\/wp\/v2\/pages\/25\/revisions\/775"}],"wp:attachment":[{"href":"https:\/\/lebimportadora.com.br\/index.php\/wp-json\/wp\/v2\/media?parent=25"}],"curies":[{"name":"wp","href":"https:\/\/api.w.org\/{rel}","templated":true}]}}