{"id":420,"date":"2019-03-20T03:57:41","date_gmt":"2019-03-20T03:57:41","guid":{"rendered":"http:\/\/hccomex.com.br\/?page_id=420"},"modified":"2019-03-20T03:57:41","modified_gmt":"2019-03-20T03:57:41","slug":"azeites","status":"publish","type":"page","link":"https:\/\/lebimportadora.com.br\/index.php\/produtos\/azeites\/","title":{"rendered":"Azeites"},"content":{"rendered":"\t<section class=\"section\" id=\"section_730740179\">\n\t\t<div class=\"bg section-bg fill bg-fill  bg-loaded\" >\n\n\t\t\t\n\t\t\t\n\t\t\t\n\n\t\t<\/div><!-- .section-bg -->\n\n\t\t<div class=\"section-content relative\">\n\t\t\t\n<div class=\"container section-title-container\" ><h3 class=\"section-title section-title-center\"><b><\/b><span class=\"section-title-main\" >azeites<\/span><b><\/b><\/h3><\/div><!-- .section-title -->\n<div class=\"row row-collapse row-full-width align-middle align-center\"  id=\"row-460560011\">\n<div class=\"col medium-8 small-12 large-8\"  ><div class=\"col-inner text-center\"  >\n<p>Trata-se, pois, de um alimento antigo, cl\u00e1ssico da culin\u00e1ria contempor\u00e2nea, regular na dieta mediterr\u00e2nea e, nos dias atuais, presente em grande parte das cozinhas. Al\u00e9m dos benef\u00edcios para a sa\u00fade o azeite adiciona \u00e0 comida um sabor e aroma peculiares.<\/p>\n<\/div><\/div>\n\n<style scope=\"scope\">\n\n<\/style>\n<\/div>\n<div class=\"gap-element\" style=\"display:block; height:auto; padding-top:30px\" class=\"clearfix\"><\/div>\n<div class=\"row row-large row-full-width align-center\"  id=\"row-1158320054\">\n<div class=\"col medium-6 small-12 large-6\"  ><div class=\"col-inner text-center\"  >\n<div class=\"container section-title-container\" ><h3 class=\"section-title section-title-center\"><b><\/b><span class=\"section-title-main\" >AZ\u00caTE VIRGEM EXTRA PREMIUM<\/span><b><\/b><\/h3><\/div><!-- .section-title -->\n<div class=\"row row-collapse row-full-width align-center\"  id=\"row-1759957054\">\n<div class=\"col medium-6 small-12 large-6\"  ><div class=\"col-inner text-center\"  >\n\t<div class=\"img has-hover x md-x lg-x y md-y lg-y\" id=\"image_1823650850\">\n\t\t\t\t\t\t\t\t<div class=\"img-inner dark\" >\n\t\t\t<img loading=\"lazy\" decoding=\"async\" width=\"157\" height=\"497\" src=\"https:\/\/lebimportadora.com.br\/wp-content\/uploads\/2019\/03\/azete_figueirinha_extra_box.jpg\" class=\"attachment-original size-original\" alt=\"\" srcset=\"https:\/\/lebimportadora.com.br\/wp-content\/uploads\/2019\/03\/azete_figueirinha_extra_box.jpg 157w, https:\/\/lebimportadora.com.br\/wp-content\/uploads\/2019\/03\/azete_figueirinha_extra_box-95x300.jpg 95w\" sizes=\"(max-width: 157px) 100vw, 157px\" \/>\t\t\t\t\t\t\n\t\t\t\t\t<\/div>\n\t\t\t\t\t\t\t\t\n<style scope=\"scope\">\n\n#image_1823650850 {\n  width: 50%;\n}\n<\/style>\n\t<\/div>\n\t\n<p>Az\u00eate Figueirinha<\/p>\n<\/div><\/div>\n<div class=\"col medium-6 small-12 large-6\"  ><div class=\"col-inner text-center\"  >\n\t<div class=\"img has-hover x md-x lg-x y md-y lg-y\" id=\"image_118498558\">\n\t\t\t\t\t\t\t\t<div class=\"img-inner dark\" >\n\t\t\t<img loading=\"lazy\" decoding=\"async\" width=\"157\" height=\"497\" src=\"https:\/\/lebimportadora.com.br\/wp-content\/uploads\/2019\/03\/azete_figueirinha_extra.jpg\" class=\"attachment-original size-original\" alt=\"\" srcset=\"https:\/\/lebimportadora.com.br\/wp-content\/uploads\/2019\/03\/azete_figueirinha_extra.jpg 157w, https:\/\/lebimportadora.com.br\/wp-content\/uploads\/2019\/03\/azete_figueirinha_extra-95x300.jpg 95w\" sizes=\"(max-width: 157px) 100vw, 157px\" \/>\t\t\t\t\t\t\n\t\t\t\t\t<\/div>\n\t\t\t\t\t\t\t\t\n<style scope=\"scope\">\n\n#image_118498558 {\n  width: 50%;\n}\n<\/style>\n\t<\/div>\n\t\n<p>Az\u00eate Figueirinha<\/p>\n<\/div><\/div>\n\n<style scope=\"scope\">\n\n<\/style>\n<\/div>\n<\/div><\/div>\n<div class=\"col medium-6 small-12 large-6\"  ><div class=\"col-inner text-center\"  >\n<div class=\"container section-title-container\" ><h3 class=\"section-title section-title-center\"><b><\/b><span class=\"section-title-main\" >AZEITE FONTE MOURO<\/span><b><\/b><\/h3><\/div><!-- .section-title -->\n<div class=\"row row-collapse row-full-width align-center\"  id=\"row-1652028055\">\n<div class=\"col medium-6 small-12 large-6\"  ><div class=\"col-inner text-center\"  >\n\t<div class=\"img has-hover x md-x lg-x y md-y lg-y\" id=\"image_1853365210\">\n\t\t\t\t\t\t\t\t<div class=\"img-inner dark\" >\n\t\t\t<img loading=\"lazy\" decoding=\"async\" width=\"157\" height=\"497\" src=\"https:\/\/lebimportadora.com.br\/wp-content\/uploads\/2019\/03\/FONTEMOURO.png\" class=\"attachment-original size-original\" alt=\"\" srcset=\"https:\/\/lebimportadora.com.br\/wp-content\/uploads\/2019\/03\/FONTEMOURO.png 157w, https:\/\/lebimportadora.com.br\/wp-content\/uploads\/2019\/03\/FONTEMOURO-95x300.png 95w\" sizes=\"(max-width: 157px) 100vw, 157px\" \/>\t\t\t\t\t\t\n\t\t\t\t\t<\/div>\n\t\t\t\t\t\t\t\t\n<style scope=\"scope\">\n\n#image_1853365210 {\n  width: 50%;\n}\n<\/style>\n\t<\/div>\n\t\n<p>Azeite de Olive Extra Virgem<\/p>\n<\/div><\/div>\n<div class=\"col medium-6 small-12 large-6\"  ><div class=\"col-inner text-center\"  >\n\t<div class=\"img has-hover x md-x lg-x y md-y lg-y\" id=\"image_1634971494\">\n\t\t\t\t\t\t\t\t<div class=\"img-inner dark\" >\n\t\t\t<img loading=\"lazy\" decoding=\"async\" width=\"157\" height=\"497\" src=\"https:\/\/lebimportadora.com.br\/wp-content\/uploads\/2019\/03\/FONTEMOURO_250.jpg\" class=\"attachment-original size-original\" alt=\"\" srcset=\"https:\/\/lebimportadora.com.br\/wp-content\/uploads\/2019\/03\/FONTEMOURO_250.jpg 157w, https:\/\/lebimportadora.com.br\/wp-content\/uploads\/2019\/03\/FONTEMOURO_250-95x300.jpg 95w\" sizes=\"(max-width: 157px) 100vw, 157px\" \/>\t\t\t\t\t\t\n\t\t\t\t\t<\/div>\n\t\t\t\t\t\t\t\t\n<style scope=\"scope\">\n\n#image_1634971494 {\n  width: 50%;\n}\n<\/style>\n\t<\/div>\n\t\n<p>Azeite de Olive Extra Virgem 250ml<\/p>\n<\/div><\/div>\n\n<style scope=\"scope\">\n\n<\/style>\n<\/div>\n<\/div><\/div>\n\n<style scope=\"scope\">\n\n<\/style>\n<\/div>\n<div class=\"row row-collapse row-full-width align-middle align-center\"  id=\"row-1214339812\">\n<div class=\"col medium-6 small-12 large-6\"  ><div class=\"col-inner text-center\"  >\n<div class=\"container section-title-container\" ><h3 class=\"section-title section-title-center\"><b><\/b><span class=\"section-title-main\" >fonte mouro gal\u00e3o 5l<\/span><b><\/b><\/h3><\/div><!-- .section-title -->\n\t<div class=\"img has-hover x md-x lg-x y md-y lg-y\" id=\"image_1379968985\">\n\t\t\t\t\t\t\t\t<div class=\"img-inner dark\" >\n\t\t\t<img loading=\"lazy\" decoding=\"async\" width=\"400\" height=\"497\" src=\"https:\/\/lebimportadora.com.br\/wp-content\/uploads\/2019\/03\/fonte-mouro-galao.jpg\" class=\"attachment-original size-original\" alt=\"\" srcset=\"https:\/\/lebimportadora.com.br\/wp-content\/uploads\/2019\/03\/fonte-mouro-galao.jpg 400w, https:\/\/lebimportadora.com.br\/wp-content\/uploads\/2019\/03\/fonte-mouro-galao-241x300.jpg 241w\" sizes=\"(max-width: 400px) 100vw, 400px\" \/>\t\t\t\t\t\t\n\t\t\t\t\t<\/div>\n\t\t\t\t\t\t\t\t\n<style scope=\"scope\">\n\n#image_1379968985 {\n  width: 70%;\n}\n<\/style>\n\t<\/div>\n\t\n<\/div><\/div>\n\n<style scope=\"scope\">\n\n<\/style>\n<\/div>\n\t\t<\/div><!-- .section-content -->\n\n\t\t\n<style scope=\"scope\">\n\n#section_730740179 {\n  padding-top: 50px;\n  padding-bottom: 50px;\n}\n<\/style>\n\t<\/section>\n\t\n","protected":false},"excerpt":{"rendered":"","protected":false},"author":3,"featured_media":0,"parent":158,"menu_order":0,"comment_status":"closed","ping_status":"closed","template":"page-blank.php","meta":{"footnotes":""},"_links":{"self":[{"href":"https:\/\/lebimportadora.com.br\/index.php\/wp-json\/wp\/v2\/pages\/420"}],"collection":[{"href":"https:\/\/lebimportadora.com.br\/index.php\/wp-json\/wp\/v2\/pages"}],"about":[{"href":"https:\/\/lebimportadora.com.br\/index.php\/wp-json\/wp\/v2\/types\/page"}],"author":[{"embeddable":true,"href":"https:\/\/lebimportadora.com.br\/index.php\/wp-json\/wp\/v2\/users\/3"}],"replies":[{"embeddable":true,"href":"https:\/\/lebimportadora.com.br\/index.php\/wp-json\/wp\/v2\/comments?post=420"}],"version-history":[{"count":0,"href":"https:\/\/lebimportadora.com.br\/index.php\/wp-json\/wp\/v2\/pages\/420\/revisions"}],"up":[{"embeddable":true,"href":"https:\/\/lebimportadora.com.br\/index.php\/wp-json\/wp\/v2\/pages\/158"}],"wp:attachment":[{"href":"https:\/\/lebimportadora.com.br\/index.php\/wp-json\/wp\/v2\/media?parent=420"}],"curies":[{"name":"wp","href":"https:\/\/api.w.org\/{rel}","templated":true}]}}