{"id":450,"date":"2019-03-21T01:57:21","date_gmt":"2019-03-21T01:57:21","guid":{"rendered":"http:\/\/hccomex.com.br\/?page_id=450"},"modified":"2019-03-21T01:57:21","modified_gmt":"2019-03-21T01:57:21","slug":"atum-importado-do-equador","status":"publish","type":"page","link":"https:\/\/lebimportadora.com.br\/index.php\/produtos\/atum-importado-do-equador\/","title":{"rendered":"Atum Importado do Equador"},"content":{"rendered":"\t<section class=\"section\" id=\"section_1299662\">\n\t\t<div class=\"bg section-bg fill bg-fill  bg-loaded\" >\n\n\t\t\t\n\t\t\t\n\t\t\t\n\n\t\t<\/div><!-- .section-bg -->\n\n\t\t<div class=\"section-content relative\">\n\t\t\t\n<div class=\"container section-title-container\" ><h3 class=\"section-title section-title-center\"><b><\/b><span class=\"section-title-main\" >ATUM IMPORTADO DO EQUADor<\/span><b><\/b><\/h3><\/div><!-- .section-title -->\n<div class=\"row row-collapse row-full-width align-middle align-center\"  id=\"row-1018808170\">\n<div class=\"col medium-8 small-12 large-8\"  ><div class=\"col-inner text-center\"  >\n<p>O Atum em Peda\u00e7os Saint Paul \u00e9 saboroso, pr\u00e1tico e vers\u00e1til, pode ser utilizado em saladas, pat\u00eas, lanches, past\u00e9is, molhos, pizzas e outras receitas.<\/p>\n<\/div><\/div>\n\n<style scope=\"scope\">\n\n<\/style>\n<\/div>\n<div class=\"gap-element\" style=\"display:block; height:auto; padding-top:30px\" class=\"clearfix\"><\/div>\n<div class=\"container section-title-container\" ><h3 class=\"section-title section-title-center\"><b><\/b><span class=\"section-title-main\" >atum saint paul s\u00f3lido ao natural<\/span><b><\/b><\/h3><\/div><!-- .section-title -->\n<div class=\"row row-small row-full-width align-equal align-center\"  id=\"row-1178604451\">\n<div class=\"col medium-4 small-6 large-4\"  ><div class=\"col-inner text-center\"  >\n\t<div class=\"img has-hover x md-x lg-x y md-y lg-y\" id=\"image_838613223\">\n\t\t\t\t\t\t\t\t<div class=\"img-inner dark\" >\n\t\t\t<img loading=\"lazy\" decoding=\"async\" width=\"481\" height=\"400\" src=\"https:\/\/lebimportadora.com.br\/wp-content\/uploads\/2019\/03\/saint_paul_natural.jpg\" class=\"attachment-large size-large\" alt=\"\" srcset=\"https:\/\/lebimportadora.com.br\/wp-content\/uploads\/2019\/03\/saint_paul_natural.jpg 481w, https:\/\/lebimportadora.com.br\/wp-content\/uploads\/2019\/03\/saint_paul_natural-300x249.jpg 300w\" sizes=\"(max-width: 481px) 100vw, 481px\" \/>\t\t\t\t\t\t\n\t\t\t\t\t<\/div>\n\t\t\t\t\t\t\t\t\n<style scope=\"scope\">\n\n#image_838613223 {\n  width: 100%;\n}\n<\/style>\n\t<\/div>\n\t\n<\/div><\/div>\n<div class=\"col medium-4 small-6 large-4\"  ><div class=\"col-inner text-center\"  >\n\t<div class=\"img has-hover x md-x lg-x y md-y lg-y\" id=\"image_1149837665\">\n\t\t\t\t\t\t\t\t<div class=\"img-inner dark\" >\n\t\t\t<img loading=\"lazy\" decoding=\"async\" width=\"481\" height=\"400\" src=\"https:\/\/lebimportadora.com.br\/wp-content\/uploads\/2019\/03\/saint_paul_natural2.jpg\" class=\"attachment-large size-large\" alt=\"\" srcset=\"https:\/\/lebimportadora.com.br\/wp-content\/uploads\/2019\/03\/saint_paul_natural2.jpg 481w, https:\/\/lebimportadora.com.br\/wp-content\/uploads\/2019\/03\/saint_paul_natural2-300x249.jpg 300w\" sizes=\"(max-width: 481px) 100vw, 481px\" \/>\t\t\t\t\t\t\n\t\t\t\t\t<\/div>\n\t\t\t\t\t\t\t\t\n<style scope=\"scope\">\n\n#image_1149837665 {\n  width: 100%;\n}\n<\/style>\n\t<\/div>\n\t\n<\/div><\/div>\n<div class=\"col medium-4 small-6 large-4\"  ><div class=\"col-inner text-center\"  >\n\t<div class=\"img has-hover x md-x lg-x y md-y lg-y\" id=\"image_991271001\">\n\t\t\t\t\t\t\t\t<div class=\"img-inner dark\" >\n\t\t\t<img loading=\"lazy\" decoding=\"async\" width=\"481\" height=\"400\" src=\"https:\/\/lebimportadora.com.br\/wp-content\/uploads\/2019\/03\/saint_paul_natural3.jpg\" class=\"attachment-large size-large\" alt=\"\" srcset=\"https:\/\/lebimportadora.com.br\/wp-content\/uploads\/2019\/03\/saint_paul_natural3.jpg 481w, https:\/\/lebimportadora.com.br\/wp-content\/uploads\/2019\/03\/saint_paul_natural3-300x249.jpg 300w\" sizes=\"(max-width: 481px) 100vw, 481px\" \/>\t\t\t\t\t\t\n\t\t\t\t\t<\/div>\n\t\t\t\t\t\t\t\t\n<style scope=\"scope\">\n\n#image_991271001 {\n  width: 100%;\n}\n<\/style>\n\t<\/div>\n\t\n<\/div><\/div>\n\n<style scope=\"scope\">\n\n<\/style>\n<\/div>\n<div class=\"container section-title-container\" ><h3 class=\"section-title section-title-center\"><b><\/b><span class=\"section-title-main\" >atum saint paul ralado ao natural<\/span><b><\/b><\/h3><\/div><!-- .section-title -->\n<div class=\"row row-small row-full-width align-equal align-center\"  id=\"row-1105694797\">\n<div class=\"col medium-4 small-6 large-4\"  ><div class=\"col-inner text-center\"  >\n\t<div class=\"img has-hover x md-x lg-x y md-y lg-y\" id=\"image_499236255\">\n\t\t\t\t\t\t\t\t<div class=\"img-inner dark\" >\n\t\t\t<img loading=\"lazy\" decoding=\"async\" width=\"481\" height=\"400\" src=\"https:\/\/lebimportadora.com.br\/wp-content\/uploads\/2019\/03\/saint_paul_ralado_natural.jpg\" class=\"attachment-large size-large\" alt=\"\" srcset=\"https:\/\/lebimportadora.com.br\/wp-content\/uploads\/2019\/03\/saint_paul_ralado_natural.jpg 481w, https:\/\/lebimportadora.com.br\/wp-content\/uploads\/2019\/03\/saint_paul_ralado_natural-300x249.jpg 300w\" sizes=\"(max-width: 481px) 100vw, 481px\" \/>\t\t\t\t\t\t\n\t\t\t\t\t<\/div>\n\t\t\t\t\t\t\t\t\n<style scope=\"scope\">\n\n#image_499236255 {\n  width: 100%;\n}\n<\/style>\n\t<\/div>\n\t\n<\/div><\/div>\n<div class=\"col medium-4 small-6 large-4\"  ><div class=\"col-inner text-center\"  >\n\t<div class=\"img has-hover x md-x lg-x y md-y lg-y\" id=\"image_1869559370\">\n\t\t\t\t\t\t\t\t<div class=\"img-inner dark\" >\n\t\t\t<img loading=\"lazy\" decoding=\"async\" width=\"481\" height=\"400\" src=\"https:\/\/lebimportadora.com.br\/wp-content\/uploads\/2019\/03\/saint_paul_ralado_natural_2.jpg\" class=\"attachment-large size-large\" alt=\"\" srcset=\"https:\/\/lebimportadora.com.br\/wp-content\/uploads\/2019\/03\/saint_paul_ralado_natural_2.jpg 481w, https:\/\/lebimportadora.com.br\/wp-content\/uploads\/2019\/03\/saint_paul_ralado_natural_2-300x249.jpg 300w\" sizes=\"(max-width: 481px) 100vw, 481px\" \/>\t\t\t\t\t\t\n\t\t\t\t\t<\/div>\n\t\t\t\t\t\t\t\t\n<style scope=\"scope\">\n\n#image_1869559370 {\n  width: 100%;\n}\n<\/style>\n\t<\/div>\n\t\n<\/div><\/div>\n<div class=\"col medium-4 small-6 large-4\"  ><div class=\"col-inner text-center\"  >\n\t<div class=\"img has-hover x md-x lg-x y md-y lg-y\" id=\"image_240071511\">\n\t\t\t\t\t\t\t\t<div class=\"img-inner dark\" >\n\t\t\t<img loading=\"lazy\" decoding=\"async\" width=\"481\" height=\"400\" src=\"https:\/\/lebimportadora.com.br\/wp-content\/uploads\/2019\/03\/saint_paul_ralado_natural_3.jpg\" class=\"attachment-large size-large\" alt=\"\" srcset=\"https:\/\/lebimportadora.com.br\/wp-content\/uploads\/2019\/03\/saint_paul_ralado_natural_3.jpg 481w, https:\/\/lebimportadora.com.br\/wp-content\/uploads\/2019\/03\/saint_paul_ralado_natural_3-300x249.jpg 300w\" sizes=\"(max-width: 481px) 100vw, 481px\" \/>\t\t\t\t\t\t\n\t\t\t\t\t<\/div>\n\t\t\t\t\t\t\t\t\n<style scope=\"scope\">\n\n#image_240071511 {\n  width: 100%;\n}\n<\/style>\n\t<\/div>\n\t\n<\/div><\/div>\n\n<style scope=\"scope\">\n\n<\/style>\n<\/div>\n<div class=\"container section-title-container\" ><h3 class=\"section-title section-title-center\"><b><\/b><span class=\"section-title-main\" >atum saint paul ralado em \u00f3leo comest\u00edvel<\/span><b><\/b><\/h3><\/div><!-- .section-title -->\n<div class=\"row row-small row-full-width align-equal align-center\"  id=\"row-1949899615\">\n<div class=\"col medium-4 small-6 large-4\"  ><div class=\"col-inner text-center\"  >\n\t<div class=\"img has-hover x md-x lg-x y md-y lg-y\" id=\"image_1875473204\">\n\t\t\t\t\t\t\t\t<div class=\"img-inner dark\" >\n\t\t\t<img loading=\"lazy\" decoding=\"async\" width=\"481\" height=\"400\" src=\"https:\/\/lebimportadora.com.br\/wp-content\/uploads\/2019\/03\/saint_paul_ralado_oleo.jpg\" class=\"attachment-large size-large\" alt=\"\" srcset=\"https:\/\/lebimportadora.com.br\/wp-content\/uploads\/2019\/03\/saint_paul_ralado_oleo.jpg 481w, https:\/\/lebimportadora.com.br\/wp-content\/uploads\/2019\/03\/saint_paul_ralado_oleo-300x249.jpg 300w\" sizes=\"(max-width: 481px) 100vw, 481px\" \/>\t\t\t\t\t\t\n\t\t\t\t\t<\/div>\n\t\t\t\t\t\t\t\t\n<style scope=\"scope\">\n\n#image_1875473204 {\n  width: 100%;\n}\n<\/style>\n\t<\/div>\n\t\n<\/div><\/div>\n<div class=\"col medium-4 small-6 large-4\"  ><div class=\"col-inner text-center\"  >\n\t<div class=\"img has-hover x md-x lg-x y md-y lg-y\" id=\"image_1034270566\">\n\t\t\t\t\t\t\t\t<div class=\"img-inner dark\" >\n\t\t\t<img loading=\"lazy\" decoding=\"async\" width=\"481\" height=\"400\" src=\"https:\/\/lebimportadora.com.br\/wp-content\/uploads\/2019\/03\/saint_paul_ralado_oleo_2.jpg\" class=\"attachment-large size-large\" alt=\"\" srcset=\"https:\/\/lebimportadora.com.br\/wp-content\/uploads\/2019\/03\/saint_paul_ralado_oleo_2.jpg 481w, https:\/\/lebimportadora.com.br\/wp-content\/uploads\/2019\/03\/saint_paul_ralado_oleo_2-300x249.jpg 300w\" sizes=\"(max-width: 481px) 100vw, 481px\" \/>\t\t\t\t\t\t\n\t\t\t\t\t<\/div>\n\t\t\t\t\t\t\t\t\n<style scope=\"scope\">\n\n#image_1034270566 {\n  width: 100%;\n}\n<\/style>\n\t<\/div>\n\t\n<\/div><\/div>\n<div class=\"col medium-4 small-6 large-4\"  ><div class=\"col-inner text-center\"  >\n\t<div class=\"img has-hover x md-x lg-x y md-y lg-y\" id=\"image_726558973\">\n\t\t\t\t\t\t\t\t<div class=\"img-inner dark\" >\n\t\t\t<img loading=\"lazy\" decoding=\"async\" width=\"481\" height=\"400\" src=\"https:\/\/lebimportadora.com.br\/wp-content\/uploads\/2019\/03\/saint_paul_ralado_oleo_3.jpg\" class=\"attachment-large size-large\" alt=\"\" srcset=\"https:\/\/lebimportadora.com.br\/wp-content\/uploads\/2019\/03\/saint_paul_ralado_oleo_3.jpg 481w, https:\/\/lebimportadora.com.br\/wp-content\/uploads\/2019\/03\/saint_paul_ralado_oleo_3-300x249.jpg 300w\" sizes=\"(max-width: 481px) 100vw, 481px\" \/>\t\t\t\t\t\t\n\t\t\t\t\t<\/div>\n\t\t\t\t\t\t\t\t\n<style scope=\"scope\">\n\n#image_726558973 {\n  width: 100%;\n}\n<\/style>\n\t<\/div>\n\t\n<\/div><\/div>\n\n<style scope=\"scope\">\n\n<\/style>\n<\/div>\n<div class=\"container section-title-container\" ><h3 class=\"section-title section-title-center\"><b><\/b><span class=\"section-title-main\" >atum saint paul s\u00f3lido em \u00f3leo comest\u00edvel<\/span><b><\/b><\/h3><\/div><!-- .section-title -->\n<div class=\"row row-small row-full-width align-equal align-center\"  id=\"row-444350701\">\n<div class=\"col medium-4 small-6 large-4\"  ><div class=\"col-inner text-center\"  >\n\t<div class=\"img has-hover x md-x lg-x y md-y lg-y\" id=\"image_53607441\">\n\t\t\t\t\t\t\t\t<div class=\"img-inner dark\" >\n\t\t\t<img loading=\"lazy\" decoding=\"async\" width=\"481\" height=\"400\" src=\"https:\/\/lebimportadora.com.br\/wp-content\/uploads\/2019\/03\/saint_paul_solido_oleo.jpg\" class=\"attachment-large size-large\" alt=\"\" srcset=\"https:\/\/lebimportadora.com.br\/wp-content\/uploads\/2019\/03\/saint_paul_solido_oleo.jpg 481w, https:\/\/lebimportadora.com.br\/wp-content\/uploads\/2019\/03\/saint_paul_solido_oleo-300x249.jpg 300w\" sizes=\"(max-width: 481px) 100vw, 481px\" \/>\t\t\t\t\t\t\n\t\t\t\t\t<\/div>\n\t\t\t\t\t\t\t\t\n<style scope=\"scope\">\n\n#image_53607441 {\n  width: 100%;\n}\n<\/style>\n\t<\/div>\n\t\n<\/div><\/div>\n<div class=\"col medium-4 small-6 large-4\"  ><div class=\"col-inner text-center\"  >\n\t<div class=\"img has-hover x md-x lg-x y md-y lg-y\" id=\"image_1559136062\">\n\t\t\t\t\t\t\t\t<div class=\"img-inner dark\" >\n\t\t\t<img loading=\"lazy\" decoding=\"async\" width=\"481\" height=\"400\" src=\"https:\/\/lebimportadora.com.br\/wp-content\/uploads\/2019\/03\/saint_paul_solido_oleo2.jpg\" class=\"attachment-large size-large\" alt=\"\" srcset=\"https:\/\/lebimportadora.com.br\/wp-content\/uploads\/2019\/03\/saint_paul_solido_oleo2.jpg 481w, https:\/\/lebimportadora.com.br\/wp-content\/uploads\/2019\/03\/saint_paul_solido_oleo2-300x249.jpg 300w\" sizes=\"(max-width: 481px) 100vw, 481px\" \/>\t\t\t\t\t\t\n\t\t\t\t\t<\/div>\n\t\t\t\t\t\t\t\t\n<style scope=\"scope\">\n\n#image_1559136062 {\n  width: 100%;\n}\n<\/style>\n\t<\/div>\n\t\n<\/div><\/div>\n<div class=\"col medium-4 small-6 large-4\"  ><div class=\"col-inner text-center\"  >\n\t<div class=\"img has-hover x md-x lg-x y md-y lg-y\" id=\"image_1427264619\">\n\t\t\t\t\t\t\t\t<div class=\"img-inner dark\" >\n\t\t\t<img loading=\"lazy\" decoding=\"async\" width=\"481\" height=\"400\" src=\"https:\/\/lebimportadora.com.br\/wp-content\/uploads\/2019\/03\/saint_paul_solido_oleo3.jpg\" class=\"attachment-large size-large\" alt=\"\" srcset=\"https:\/\/lebimportadora.com.br\/wp-content\/uploads\/2019\/03\/saint_paul_solido_oleo3.jpg 481w, https:\/\/lebimportadora.com.br\/wp-content\/uploads\/2019\/03\/saint_paul_solido_oleo3-300x249.jpg 300w\" sizes=\"(max-width: 481px) 100vw, 481px\" \/>\t\t\t\t\t\t\n\t\t\t\t\t<\/div>\n\t\t\t\t\t\t\t\t\n<style scope=\"scope\">\n\n#image_1427264619 {\n  width: 100%;\n}\n<\/style>\n\t<\/div>\n\t\n<\/div><\/div>\n\n<style scope=\"scope\">\n\n<\/style>\n<\/div>\n\t\t<\/div><!-- .section-content -->\n\n\t\t\n<style scope=\"scope\">\n\n#section_1299662 {\n  padding-top: 50px;\n  padding-bottom: 50px;\n}\n<\/style>\n\t<\/section>\n\t\n","protected":false},"excerpt":{"rendered":"","protected":false},"author":3,"featured_media":0,"parent":158,"menu_order":0,"comment_status":"closed","ping_status":"closed","template":"page-blank.php","meta":{"footnotes":""},"_links":{"self":[{"href":"https:\/\/lebimportadora.com.br\/index.php\/wp-json\/wp\/v2\/pages\/450"}],"collection":[{"href":"https:\/\/lebimportadora.com.br\/index.php\/wp-json\/wp\/v2\/pages"}],"about":[{"href":"https:\/\/lebimportadora.com.br\/index.php\/wp-json\/wp\/v2\/types\/page"}],"author":[{"embeddable":true,"href":"https:\/\/lebimportadora.com.br\/index.php\/wp-json\/wp\/v2\/users\/3"}],"replies":[{"embeddable":true,"href":"https:\/\/lebimportadora.com.br\/index.php\/wp-json\/wp\/v2\/comments?post=450"}],"version-history":[{"count":0,"href":"https:\/\/lebimportadora.com.br\/index.php\/wp-json\/wp\/v2\/pages\/450\/revisions"}],"up":[{"embeddable":true,"href":"https:\/\/lebimportadora.com.br\/index.php\/wp-json\/wp\/v2\/pages\/158"}],"wp:attachment":[{"href":"https:\/\/lebimportadora.com.br\/index.php\/wp-json\/wp\/v2\/media?parent=450"}],"curies":[{"name":"wp","href":"https:\/\/api.w.org\/{rel}","templated":true}]}}