{"id":573,"date":"2019-07-30T17:49:00","date_gmt":"2019-07-30T20:49:00","guid":{"rendered":"http:\/\/hccomex.com.br\/?page_id=573"},"modified":"2024-03-31T23:43:11","modified_gmt":"2024-04-01T02:43:11","slug":"servicos","status":"publish","type":"page","link":"https:\/\/lebimportadora.com.br\/index.php\/servicos\/","title":{"rendered":"Servi\u00e7os"},"content":{"rendered":"\t<section class=\"section\" id=\"section_1777924044\">\n\t\t<div class=\"bg section-bg fill bg-fill  bg-loaded\" >\n\n\t\t\t\n\t\t\t\n\t\t\t\n\n\t\t<\/div><!-- .section-bg -->\n\n\t\t<div class=\"section-content relative\">\n\t\t\t\n\n  <div class=\"banner has-hover\" id=\"banner-1534562953\">\n          <div class=\"banner-inner fill\">\n        <div class=\"banner-bg fill\" >\n            <div class=\"bg fill bg-fill \"><\/div>\n                                    \n                    <\/div><!-- bg-layers -->\n        <div class=\"banner-layers container\">\n            <div class=\"fill banner-link\"><\/div>            \n        <\/div><!-- .banner-layers -->\n      <\/div><!-- .banner-inner -->\n\n              <div class=\"height-fix is-invisible\"><img loading=\"lazy\" decoding=\"async\" width=\"1680\" height=\"600\" src=\"https:\/\/lebimportadora.com.br\/wp-content\/uploads\/2019\/07\/IMPORTA\u00c7\u00c3O.jpg\" class=\"attachment-original size-original\" alt=\"\" srcset=\"https:\/\/lebimportadora.com.br\/wp-content\/uploads\/2019\/07\/IMPORTA\u00c7\u00c3O.jpg 1680w, https:\/\/lebimportadora.com.br\/wp-content\/uploads\/2019\/07\/IMPORTA\u00c7\u00c3O-300x107.jpg 300w, https:\/\/lebimportadora.com.br\/wp-content\/uploads\/2019\/07\/IMPORTA\u00c7\u00c3O-1024x366.jpg 1024w, https:\/\/lebimportadora.com.br\/wp-content\/uploads\/2019\/07\/IMPORTA\u00c7\u00c3O-768x274.jpg 768w, https:\/\/lebimportadora.com.br\/wp-content\/uploads\/2019\/07\/IMPORTA\u00c7\u00c3O-1536x549.jpg 1536w, https:\/\/lebimportadora.com.br\/wp-content\/uploads\/2019\/07\/IMPORTA\u00c7\u00c3O-1200x429.jpg 1200w\" sizes=\"(max-width: 1680px) 100vw, 1680px\" \/><\/div>\n            \n<style scope=\"scope\">\n\n#banner-1534562953 .bg.bg-loaded {\n  background-image: url(https:\/\/lebimportadora.com.br\/wp-content\/uploads\/2019\/07\/IMPORTA\u00c7\u00c3O.jpg);\n}\n#banner-1534562953 .bg {\n  background-position: 47% 98%;\n}\n<\/style>\n  <\/div><!-- .banner -->\n\n\n\t\t<\/div><!-- .section-content -->\n\n\t\t\n<style scope=\"scope\">\n\n#section_1777924044 {\n  padding-top: 0px;\n  padding-bottom: 0px;\n}\n<\/style>\n\t<\/section>\n\t\n\t<section class=\"section\" id=\"section_1998784562\">\n\t\t<div class=\"bg section-bg fill bg-fill  bg-loaded\" >\n\n\t\t\t\n\t\t\t\n\t\t\t\n\n\t\t<\/div><!-- .section-bg -->\n\n\t\t<div class=\"section-content relative\">\n\t\t\t\n<div class=\"gap-element\" style=\"display:block; height:auto; padding-top:40px\" class=\"clearfix\"><\/div>\n<div class=\"container section-title-container\" ><h3 class=\"section-title section-title-center\"><b><\/b><span class=\"section-title-main\" >importa\u00e7\u00e3o<\/span><b><\/b><\/h3><\/div><!-- .section-title -->\n<div class=\"row row-large align-middle align-center\" style=\"max-width:1000px\" id=\"row-1867658987\">\n<div class=\"col medium-10 small-12 large-10\"  ><div class=\"col-inner text-center\"  >\n<p style=\"text-align: left;\">Se voc\u00ea deseja importar produtos da China, Estados Unidos e Europa, conte com a LEB Importadora, oferecemos servi\u00e7o de assessoria completa para esta finalidade, importa\u00e7\u00e3o de <strong>Bolsas<\/strong>, <strong>Roupas<\/strong>, e <strong>outros produtos<\/strong> de forma descomplicada, com a qualidade, confiabilidade e tradi\u00e7\u00e3o da LEB. Importa\u00e7\u00e3o sem complica\u00e7\u00e3o, realizamos todo processo burocr\u00e1tico de forma pr\u00e1tica e \u00e1gil:<\/p>\n<ul>\n<li style=\"text-align: left;\">Compra<\/li>\n<li style=\"text-align: left;\">Licenciamento<\/li>\n<li style=\"text-align: left;\">Transporte Internacional<\/li>\n<li style=\"text-align: left;\">Libera\u00e7\u00e3o alfadeg\u00e1ria<\/li>\n<li style=\"text-align: left;\">Transporte em territ\u00f3rio Nacional<\/li>\n<\/ul>\n<div class=\"gap-element\" style=\"display:block; height:auto; padding-top:50px\" class=\"clearfix\"><\/div>\n<div class=\"container section-title-container\" ><h3 class=\"section-title section-title-center\"><b><\/b><span class=\"section-title-main\" >BOLSAS<\/span><b><\/b><\/h3><\/div><!-- .section-title -->\n<div class=\"row row-small align-equal\"  id=\"row-1875176569\">\n<div class=\"col medium-4 small-12 large-4\"  ><div class=\"col-inner\"  >\n\t<div class=\"img has-hover x md-x lg-x y md-y lg-y\" id=\"image_1745848896\">\n\t\t\t\t\t\t\t\t<div class=\"img-inner dark\" >\n\t\t\t<img loading=\"lazy\" decoding=\"async\" width=\"400\" height=\"400\" src=\"https:\/\/lebimportadora.com.br\/wp-content\/uploads\/2019\/07\/BOLSA01.jpg\" class=\"attachment-large size-large\" alt=\"\" srcset=\"https:\/\/lebimportadora.com.br\/wp-content\/uploads\/2019\/07\/BOLSA01.jpg 400w, https:\/\/lebimportadora.com.br\/wp-content\/uploads\/2019\/07\/BOLSA01-300x300.jpg 300w, https:\/\/lebimportadora.com.br\/wp-content\/uploads\/2019\/07\/BOLSA01-150x150.jpg 150w\" sizes=\"(max-width: 400px) 100vw, 400px\" \/>\t\t\t\t\t\t\n\t\t\t\t\t<\/div>\n\t\t\t\t\t\t\t\t\n<style scope=\"scope\">\n\n#image_1745848896 {\n  width: 100%;\n}\n<\/style>\n\t<\/div>\n\t\n<\/div><\/div>\n<div class=\"col medium-4 small-12 large-4\"  ><div class=\"col-inner\"  >\n\t<div class=\"img has-hover x md-x lg-x y md-y lg-y\" id=\"image_1825000039\">\n\t\t\t\t\t\t\t\t<div class=\"img-inner dark\" >\n\t\t\t<img loading=\"lazy\" decoding=\"async\" width=\"300\" height=\"300\" src=\"https:\/\/lebimportadora.com.br\/wp-content\/uploads\/2019\/08\/BOLSA03_.jpg\" class=\"attachment-large size-large\" alt=\"\" srcset=\"https:\/\/lebimportadora.com.br\/wp-content\/uploads\/2019\/08\/BOLSA03_.jpg 300w, https:\/\/lebimportadora.com.br\/wp-content\/uploads\/2019\/08\/BOLSA03_-150x150.jpg 150w\" sizes=\"(max-width: 300px) 100vw, 300px\" \/>\t\t\t\t\t\t\n\t\t\t\t\t<\/div>\n\t\t\t\t\t\t\t\t\n<style scope=\"scope\">\n\n#image_1825000039 {\n  width: 100%;\n}\n<\/style>\n\t<\/div>\n\t\n<\/div><\/div>\n<div class=\"col medium-4 small-12 large-4\"  ><div class=\"col-inner\"  >\n\t<div class=\"img has-hover x md-x lg-x y md-y lg-y\" id=\"image_182404293\">\n\t\t\t\t\t\t\t\t<div class=\"img-inner dark\" >\n\t\t\t<img loading=\"lazy\" decoding=\"async\" width=\"400\" height=\"400\" src=\"https:\/\/lebimportadora.com.br\/wp-content\/uploads\/2019\/07\/BOLSA02.jpg\" class=\"attachment-large size-large\" alt=\"\" srcset=\"https:\/\/lebimportadora.com.br\/wp-content\/uploads\/2019\/07\/BOLSA02.jpg 400w, https:\/\/lebimportadora.com.br\/wp-content\/uploads\/2019\/07\/BOLSA02-300x300.jpg 300w, https:\/\/lebimportadora.com.br\/wp-content\/uploads\/2019\/07\/BOLSA02-150x150.jpg 150w\" sizes=\"(max-width: 400px) 100vw, 400px\" \/>\t\t\t\t\t\t\n\t\t\t\t\t<\/div>\n\t\t\t\t\t\t\t\t\n<style scope=\"scope\">\n\n#image_182404293 {\n  width: 100%;\n}\n<\/style>\n\t<\/div>\n\t\n<\/div><\/div>\n\n<style scope=\"scope\">\n\n<\/style>\n<\/div>\n<div class=\"container section-title-container\" ><h3 class=\"section-title section-title-center\"><b><\/b><span class=\"section-title-main\" >ROUPAS<\/span><b><\/b><\/h3><\/div><!-- .section-title -->\n<div class=\"row row-small align-equal\"  id=\"row-1437055653\">\n<div class=\"col medium-4 small-12 large-4\"  ><div class=\"col-inner\"  >\n\t<div class=\"img has-hover x md-x lg-x y md-y lg-y\" id=\"image_1343657197\">\n\t\t\t\t\t\t\t\t<div class=\"img-inner dark\" >\n\t\t\t<img loading=\"lazy\" decoding=\"async\" width=\"300\" height=\"300\" src=\"https:\/\/lebimportadora.com.br\/wp-content\/uploads\/2019\/08\/VESTIDO02.jpg\" class=\"attachment-large size-large\" alt=\"\" srcset=\"https:\/\/lebimportadora.com.br\/wp-content\/uploads\/2019\/08\/VESTIDO02.jpg 300w, https:\/\/lebimportadora.com.br\/wp-content\/uploads\/2019\/08\/VESTIDO02-150x150.jpg 150w\" sizes=\"(max-width: 300px) 100vw, 300px\" \/>\t\t\t\t\t\t\n\t\t\t\t\t<\/div>\n\t\t\t\t\t\t\t\t\n<style scope=\"scope\">\n\n#image_1343657197 {\n  width: 100%;\n}\n<\/style>\n\t<\/div>\n\t\n<\/div><\/div>\n<div class=\"col medium-4 small-12 large-4\"  ><div class=\"col-inner\"  >\n\t<div class=\"img has-hover x md-x lg-x y md-y lg-y\" id=\"image_1933668115\">\n\t\t\t\t\t\t\t\t<div class=\"img-inner dark\" >\n\t\t\t<img loading=\"lazy\" decoding=\"async\" width=\"300\" height=\"300\" src=\"https:\/\/lebimportadora.com.br\/wp-content\/uploads\/2019\/08\/VESTIDO01.jpg\" class=\"attachment-large size-large\" alt=\"\" srcset=\"https:\/\/lebimportadora.com.br\/wp-content\/uploads\/2019\/08\/VESTIDO01.jpg 300w, https:\/\/lebimportadora.com.br\/wp-content\/uploads\/2019\/08\/VESTIDO01-150x150.jpg 150w\" sizes=\"(max-width: 300px) 100vw, 300px\" \/>\t\t\t\t\t\t\n\t\t\t\t\t<\/div>\n\t\t\t\t\t\t\t\t\n<style scope=\"scope\">\n\n#image_1933668115 {\n  width: 100%;\n}\n<\/style>\n\t<\/div>\n\t\n<\/div><\/div>\n<div class=\"col medium-4 small-12 large-4\"  ><div class=\"col-inner\"  >\n\t<div class=\"img has-hover x md-x lg-x y md-y lg-y\" id=\"image_621945475\">\n\t\t\t\t\t\t\t\t<div class=\"img-inner dark\" >\n\t\t\t<img loading=\"lazy\" decoding=\"async\" width=\"300\" height=\"300\" src=\"https:\/\/lebimportadora.com.br\/wp-content\/uploads\/2019\/08\/VESTIDO03.jpg\" class=\"attachment-large size-large\" alt=\"\" srcset=\"https:\/\/lebimportadora.com.br\/wp-content\/uploads\/2019\/08\/VESTIDO03.jpg 300w, https:\/\/lebimportadora.com.br\/wp-content\/uploads\/2019\/08\/VESTIDO03-150x150.jpg 150w\" sizes=\"(max-width: 300px) 100vw, 300px\" \/>\t\t\t\t\t\t\n\t\t\t\t\t<\/div>\n\t\t\t\t\t\t\t\t\n<style scope=\"scope\">\n\n#image_621945475 {\n  width: 100%;\n}\n<\/style>\n\t<\/div>\n\t\n<\/div><\/div>\n\n<style scope=\"scope\">\n\n<\/style>\n<\/div>\n<div class=\"container section-title-container\" ><h3 class=\"section-title section-title-center\"><b><\/b><span class=\"section-title-main\" >MALAS<\/span><b><\/b><\/h3><\/div><!-- .section-title -->\n<div class=\"row row-small align-equal\"  id=\"row-681964736\">\n<div class=\"col medium-4 small-12 large-4\"  ><div class=\"col-inner\"  >\n\t<div class=\"img has-hover x md-x lg-x y md-y lg-y\" id=\"image_1231215241\">\n\t\t\t\t\t\t\t\t<div class=\"img-inner dark\" >\n\t\t\t<img loading=\"lazy\" decoding=\"async\" width=\"300\" height=\"300\" src=\"https:\/\/lebimportadora.com.br\/wp-content\/uploads\/2019\/08\/MALAS01.jpg\" class=\"attachment-large size-large\" alt=\"\" srcset=\"https:\/\/lebimportadora.com.br\/wp-content\/uploads\/2019\/08\/MALAS01.jpg 300w, https:\/\/lebimportadora.com.br\/wp-content\/uploads\/2019\/08\/MALAS01-150x150.jpg 150w\" sizes=\"(max-width: 300px) 100vw, 300px\" \/>\t\t\t\t\t\t\n\t\t\t\t\t<\/div>\n\t\t\t\t\t\t\t\t\n<style scope=\"scope\">\n\n#image_1231215241 {\n  width: 100%;\n}\n<\/style>\n\t<\/div>\n\t\n<\/div><\/div>\n<div class=\"col medium-4 small-12 large-4\"  ><div class=\"col-inner\"  >\n\t<div class=\"img has-hover x md-x lg-x y md-y lg-y\" id=\"image_973200943\">\n\t\t\t\t\t\t\t\t<div class=\"img-inner dark\" >\n\t\t\t<img loading=\"lazy\" decoding=\"async\" width=\"300\" height=\"300\" src=\"https:\/\/lebimportadora.com.br\/wp-content\/uploads\/2019\/08\/MALAS02.jpg\" class=\"attachment-large size-large\" alt=\"\" srcset=\"https:\/\/lebimportadora.com.br\/wp-content\/uploads\/2019\/08\/MALAS02.jpg 300w, https:\/\/lebimportadora.com.br\/wp-content\/uploads\/2019\/08\/MALAS02-150x150.jpg 150w\" sizes=\"(max-width: 300px) 100vw, 300px\" \/>\t\t\t\t\t\t\n\t\t\t\t\t<\/div>\n\t\t\t\t\t\t\t\t\n<style scope=\"scope\">\n\n#image_973200943 {\n  width: 100%;\n}\n<\/style>\n\t<\/div>\n\t\n<\/div><\/div>\n<div class=\"col medium-4 small-12 large-4\"  ><div class=\"col-inner\"  >\n\t<div class=\"img has-hover x md-x lg-x y md-y lg-y\" id=\"image_37058935\">\n\t\t\t\t\t\t\t\t<div class=\"img-inner dark\" >\n\t\t\t<img loading=\"lazy\" decoding=\"async\" width=\"300\" height=\"300\" src=\"https:\/\/lebimportadora.com.br\/wp-content\/uploads\/2019\/08\/MALAS03.jpg\" class=\"attachment-large size-large\" alt=\"\" srcset=\"https:\/\/lebimportadora.com.br\/wp-content\/uploads\/2019\/08\/MALAS03.jpg 300w, https:\/\/lebimportadora.com.br\/wp-content\/uploads\/2019\/08\/MALAS03-150x150.jpg 150w\" sizes=\"(max-width: 300px) 100vw, 300px\" \/>\t\t\t\t\t\t\n\t\t\t\t\t<\/div>\n\t\t\t\t\t\t\t\t\n<style scope=\"scope\">\n\n#image_37058935 {\n  width: 100%;\n}\n<\/style>\n\t<\/div>\n\t\n<\/div><\/div>\n\n<style scope=\"scope\">\n\n<\/style>\n<\/div>\n<\/div><\/div>\n\n<style scope=\"scope\">\n\n<\/style>\n<\/div>\n\t\t<\/div><!-- .section-content -->\n\n\t\t\n<style scope=\"scope\">\n\n#section_1998784562 {\n  padding-top: 30px;\n  padding-bottom: 30px;\n}\n<\/style>\n\t<\/section>\n\t\n","protected":false},"excerpt":{"rendered":"","protected":false},"author":3,"featured_media":0,"parent":0,"menu_order":0,"comment_status":"closed","ping_status":"closed","template":"page-blank.php","meta":{"footnotes":""},"_links":{"self":[{"href":"https:\/\/lebimportadora.com.br\/index.php\/wp-json\/wp\/v2\/pages\/573"}],"collection":[{"href":"https:\/\/lebimportadora.com.br\/index.php\/wp-json\/wp\/v2\/pages"}],"about":[{"href":"https:\/\/lebimportadora.com.br\/index.php\/wp-json\/wp\/v2\/types\/page"}],"author":[{"embeddable":true,"href":"https:\/\/lebimportadora.com.br\/index.php\/wp-json\/wp\/v2\/users\/3"}],"replies":[{"embeddable":true,"href":"https:\/\/lebimportadora.com.br\/index.php\/wp-json\/wp\/v2\/comments?post=573"}],"version-history":[{"count":4,"href":"https:\/\/lebimportadora.com.br\/index.php\/wp-json\/wp\/v2\/pages\/573\/revisions"}],"predecessor-version":[{"id":785,"href":"https:\/\/lebimportadora.com.br\/index.php\/wp-json\/wp\/v2\/pages\/573\/revisions\/785"}],"wp:attachment":[{"href":"https:\/\/lebimportadora.com.br\/index.php\/wp-json\/wp\/v2\/media?parent=573"}],"curies":[{"name":"wp","href":"https:\/\/api.w.org\/{rel}","templated":true}]}}