{"id":9,"date":"2019-02-23T15:27:23","date_gmt":"2019-02-23T15:27:23","guid":{"rendered":"http:\/\/hccomex.com.br\/?page_id=9"},"modified":"2024-04-01T16:05:29","modified_gmt":"2024-04-01T19:05:29","slug":"home","status":"publish","type":"page","link":"https:\/\/lebimportadora.com.br\/","title":{"rendered":"Home"},"content":{"rendered":"\t<section class=\"section\" id=\"section_267489954\">\n\t\t<div class=\"bg section-bg fill bg-fill  bg-loaded\" >\n\n\t\t\t\n\t\t\t\n\t\t\t\n\n\t\t<\/div><!-- .section-bg -->\n\n\t\t<div class=\"section-content relative\">\n\t\t\t\n<div class=\"slider-wrapper relative \" id=\"slider-1460588698\" >\n    <div class=\"slider slider-nav-circle slider-nav-large slider-nav-light slider-style-normal\"\n        data-flickity-options='{\n            \"cellAlign\": \"center\",\n            \"imagesLoaded\": true,\n            \"lazyLoad\": 1,\n            \"freeScroll\": false,\n            \"wrapAround\": true,\n            \"autoPlay\": 6000,\n            \"pauseAutoPlayOnHover\" : true,\n            \"prevNextButtons\": true,\n            \"contain\" : true,\n            \"adaptiveHeight\" : true,\n            \"dragThreshold\" : 5,\n            \"percentPosition\": true,\n            \"pageDots\": true,\n            \"rightToLeft\": false,\n            \"draggable\": true,\n            \"selectedAttraction\": 0.1,\n            \"parallax\" : 0,\n            \"friction\": 0.6        }'\n        >\n        \n\n  <div class=\"banner has-hover\" id=\"banner-599795327\">\n          <div class=\"banner-inner fill\">\n        <div class=\"banner-bg fill\" >\n            <div class=\"bg fill bg-fill \"><\/div>\n                                    \n                    <\/div><!-- bg-layers -->\n        <div class=\"banner-layers container\">\n            <div class=\"fill banner-link\"><\/div>            \n        <\/div><!-- .banner-layers -->\n      <\/div><!-- .banner-inner -->\n\n            \n<style scope=\"scope\">\n\n#banner-599795327 {\n  padding-top: 193px;\n}\n#banner-599795327 .bg.bg-loaded {\n  background-image: url(https:\/\/lebimportadora.com.br\/wp-content\/uploads\/2021\/05\/VINHOS-2.jpg);\n}\n#banner-599795327 .bg {\n  background-position: 49% 62%;\n}\n\n\n@media (min-width:550px) {\n\n  #banner-599795327 {\n    padding-top: 750px;\n  }\n\n}\n<\/style>\n  <\/div><!-- .banner -->\n\n\n\n  <div class=\"banner has-hover\" id=\"banner-1725318025\">\n          <div class=\"banner-inner fill\">\n        <div class=\"banner-bg fill\" >\n            <div class=\"bg fill bg-fill \"><\/div>\n                                    \n                    <\/div><!-- bg-layers -->\n        <div class=\"banner-layers container\">\n            <div class=\"fill banner-link\"><\/div>            \n        <\/div><!-- .banner-layers -->\n      <\/div><!-- .banner-inner -->\n\n            \n<style scope=\"scope\">\n\n#banner-1725318025 {\n  padding-top: 193px;\n}\n#banner-1725318025 .bg.bg-loaded {\n  background-image: url(https:\/\/lebimportadora.com.br\/wp-content\/uploads\/2019\/03\/VINHOS_BANNER.jpg);\n}\n#banner-1725318025 .bg {\n  background-position: 45% 69%;\n}\n\n\n@media (min-width:550px) {\n\n  #banner-1725318025 {\n    padding-top: 750px;\n  }\n\n}\n<\/style>\n  <\/div><!-- .banner -->\n\n\n     <\/div>\n\n     <div class=\"loading-spin dark large centered\"><\/div>\n\n     <style scope=\"scope\">\n             <\/style>\n<\/div><!-- .ux-slider-wrapper -->\n\n\n\t\t<\/div><!-- .section-content -->\n\n\t\t\n<style scope=\"scope\">\n\n#section_267489954 {\n  padding-top: 0px;\n  padding-bottom: 0px;\n}\n<\/style>\n\t<\/section>\n\t\n\t<section class=\"section\" id=\"section_262945746\">\n\t\t<div class=\"bg section-bg fill bg-fill  bg-loaded\" >\n\n\t\t\t\n\t\t\t\n\t\t\t\n\n\t\t<\/div><!-- .section-bg -->\n\n\t\t<div class=\"section-content relative\">\n\t\t\t\n<div class=\"row\"  id=\"row-597476965\">\n<div class=\"col small-12 large-12\"  data-animate=\"fadeInDown\"><div class=\"col-inner\"  >\n<div class=\"row row-small align-equal\"  id=\"row-1094484769\">\n<div class=\"col medium-4 small-12 large-4\"  ><div class=\"col-inner\"  >\n\t<div class=\"box has-hover has-hover box-bounce box-text-bottom\" >\n\n\t\t<div class=\"box-image\" style=\"border-radius:7%;\">\n\t\t\t<a href=\"https:\/\/lebimportadora.com.br\/index.php\/sobre-nos\/\" target=\"_self\">\t\t\t<div class=\"\" >\n\t\t\t\t<img loading=\"lazy\" decoding=\"async\" width=\"300\" height=\"300\" src=\"https:\/\/lebimportadora.com.br\/wp-content\/uploads\/2019\/02\/PRODUTOS_BOX.jpg\" class=\"attachment- size-\" alt=\"\" srcset=\"https:\/\/lebimportadora.com.br\/wp-content\/uploads\/2019\/02\/PRODUTOS_BOX.jpg 300w, https:\/\/lebimportadora.com.br\/wp-content\/uploads\/2019\/02\/PRODUTOS_BOX-150x150.jpg 150w\" sizes=\"(max-width: 300px) 100vw, 300px\" \/>\t\t\t\t\t\t\t\t\t\t\t<\/div>\n\t\t\t<\/a>\t\t<\/div><!-- box-image -->\n\n\t\t<div class=\"box-text text-center\" >\n\t\t\t<div class=\"box-text-inner\">\n\t\t\t\t\n<h3>New World Trade Company<\/h4>\n<p>O objetivo da empresa desde o in\u00edcio foi selecionar produtos de qualidade, produzidos por empresas reconhecidas no mercado europeu. Saiba mais.<\/p>\n\t\t\t<\/div><!-- box-text-inner -->\n\t\t<\/div><!-- box-text -->\n\t<\/div><!-- .box  -->\n\t\n<\/div><\/div>\n<div class=\"col medium-4 small-12 large-4\"  ><div class=\"col-inner\"  >\n\t<div class=\"box has-hover has-hover box-bounce box-text-bottom\" >\n\n\t\t<div class=\"box-image\" style=\"border-radius:7%;\">\n\t\t\t<a href=\"https:\/\/lebimportadora.com.br\/index.php\/produtos\/\" target=\"_self\">\t\t\t<div class=\"\" >\n\t\t\t\t<img loading=\"lazy\" decoding=\"async\" width=\"300\" height=\"300\" src=\"https:\/\/lebimportadora.com.br\/wp-content\/uploads\/2019\/02\/HCCOMEX_BOX.jpg\" class=\"attachment- size-\" alt=\"\" srcset=\"https:\/\/lebimportadora.com.br\/wp-content\/uploads\/2019\/02\/HCCOMEX_BOX.jpg 300w, https:\/\/lebimportadora.com.br\/wp-content\/uploads\/2019\/02\/HCCOMEX_BOX-150x150.jpg 150w\" sizes=\"(max-width: 300px) 100vw, 300px\" \/>\t\t\t\t\t\t\t\t\t\t\t<\/div>\n\t\t\t<\/a>\t\t<\/div><!-- box-image -->\n\n\t\t<div class=\"box-text text-center\" >\n\t\t\t<div class=\"box-text-inner\">\n\t\t\t\t\n<h3>Produtos<\/h4>\n<p>Trabalhamos com duas divis\u00f5es comerciais: Bebidas e Alimentos Finos, que compartilham as \u00e1reas de representa\u00e7\u00e3o e vendas.<br \/>\nConhe\u00e7a nossos produtos.<\/p>\n\t\t\t<\/div><!-- box-text-inner -->\n\t\t<\/div><!-- box-text -->\n\t<\/div><!-- .box  -->\n\t\n<\/div><\/div>\n<div class=\"col medium-4 small-12 large-4\"  ><div class=\"col-inner\"  >\n\t<div class=\"box has-hover has-hover box-bounce box-text-bottom\" >\n\n\t\t<div class=\"box-image\" style=\"border-radius:7%;\">\n\t\t\t<a href=\"https:\/\/lebimportadora.com.br\/index.php\/fale-conosco\/\" target=\"_self\">\t\t\t<div class=\"\" >\n\t\t\t\t<img loading=\"lazy\" decoding=\"async\" width=\"300\" height=\"300\" src=\"https:\/\/lebimportadora.com.br\/wp-content\/uploads\/2019\/02\/CONTATO_BOX.jpg\" class=\"attachment- size-\" alt=\"\" srcset=\"https:\/\/lebimportadora.com.br\/wp-content\/uploads\/2019\/02\/CONTATO_BOX.jpg 300w, https:\/\/lebimportadora.com.br\/wp-content\/uploads\/2019\/02\/CONTATO_BOX-150x150.jpg 150w\" sizes=\"(max-width: 300px) 100vw, 300px\" \/>\t\t\t\t\t\t\t\t\t\t\t<\/div>\n\t\t\t<\/a>\t\t<\/div><!-- box-image -->\n\n\t\t<div class=\"box-text text-center\" >\n\t\t\t<div class=\"box-text-inner\">\n\t\t\t\t\n<h3>Contato<\/h4>\n<p>Central de atendimento: caso tenha qualquer d\u00favida ou precise entrar em contato conosco, ligue agora ou envie-nos uma mensagem.<\/p>\n\t\t\t<\/div><!-- box-text-inner -->\n\t\t<\/div><!-- box-text -->\n\t<\/div><!-- .box  -->\n\t\n<\/div><\/div>\n\n<style scope=\"scope\">\n\n<\/style>\n<\/div>\n<\/div><\/div>\n<\/div>\n\t\t<\/div><!-- .section-content -->\n\n\t\t\n<style scope=\"scope\">\n\n#section_262945746 {\n  padding-top: 89px;\n  padding-bottom: 89px;\n}\n<\/style>\n\t<\/section>\n\t\n\t<section class=\"section\" id=\"section_2010663059\">\n\t\t<div class=\"bg section-bg fill bg-fill  bg-loaded\" >\n\n\t\t\t\n\t\t\t\n\t\t\t\n\n\t\t<\/div><!-- .section-bg -->\n\n\t\t<div class=\"section-content relative\">\n\t\t\t\n<div class=\"container section-title-container\" ><h3 class=\"section-title section-title-center\"><b><\/b><span class=\"section-title-main\" ><i class=\"icon-map-pin-fill\" ><\/i>NOSSA LOCALIZA\u00c7\u00c3O<\/span><b><\/b><\/h3><\/div><!-- .section-title -->\n<div class=\"row row-large align-middle align-center\" style=\"max-width:1000px\" id=\"row-1703352914\">\n<div class=\"col medium-4 small-12 large-4\"  ><div class=\"col-inner\"  >\n<p>A LEB Importadora atua em todo territ\u00f3rio nacional, atrav\u00e9s de seus representantes e distribuidores.<\/p>\n<p>Nossa sede fica situada na:<\/p>\n<p>Rua Bar\u00e3o de Penedo 187, Sala 214<\/br \/>Centro &#8211; Macei\u00f3 &#8211; AL 57.020-340<\/p>\n<p>\u00a0<\/p>\n<\/div><\/div>\n<div class=\"col medium-8 small-12 large-8\"  ><div class=\"col-inner text-center\"  >\n<p><iframe src=\"https:\/\/www.google.com\/maps\/embed?pb=!1m18!1m12!1m3!1d3933.176819331583!2d-35.741714123423804!3d-9.665928502155374!2m3!1f0!2f0!3f0!3m2!1i1024!2i768!4f13.1!3m3!1m2!1s0x701457dbdcfb983%3A0xe5bc7844695644a8!2sR.%20Bar%C3%A3o%20de%20Penedo%2C%20187%20-%20214%20-%20Centro%2C%20Macei%C3%B3%20-%20AL%2C%2057020-340!5e0!3m2!1spt-BR!2sbr!4v1711938875672!5m2!1spt-BR!2sbr\" width=\"600\" height=\"450\" style=\"border:0;\" allowfullscreen=\"\" loading=\"lazy\" referrerpolicy=\"no-referrer-when-downgrade\"><\/iframe><\/p>\n<\/div><\/div>\n\n<style scope=\"scope\">\n\n<\/style>\n<\/div>\n\t\t<\/div><!-- .section-content -->\n\n\t\t\n<style scope=\"scope\">\n\n#section_2010663059 {\n  padding-top: 60px;\n  padding-bottom: 60px;\n}\n<\/style>\n\t<\/section>\n\t\n\t<section class=\"section dark\" id=\"section_1065451175\">\n\t\t<div class=\"bg section-bg fill bg-fill  bg-loaded\" >\n\n\t\t\t\n\t\t\t\n\t\t\t\n\n\t\t<\/div><!-- .section-bg -->\n\n\t\t<div class=\"section-content relative\">\n\t\t\t\n<div class=\"container section-title-container\" ><h3 class=\"section-title section-title-center\"><b><\/b><span class=\"section-title-main\" style=\"color:rgb(255, 255, 255);\">RECEITAS<\/span><b><\/b><\/h3><\/div><!-- .section-title -->\n<div class=\"row row-collapse row-full-width align-middle\"  id=\"row-543866956\">\n<div class=\"col medium-6 small-12 large-6\"  ><div class=\"col-inner text-left\" style=\"max-width:520px;padding:5% 5% 5% 5%;\" >\n<h2><span class=\"titulo azul\">Bacalhau \u00e0 Moda Antiga<\/span><\/h2>\n<p><span class=\"topico azul\">Ingredientes<\/span><br \/>\u2022 1 kg de bacalhau fresco em postas<br \/>\u2022 1 litro(s) de leite<br \/>\u2022 1 kg de batata em rodelas<br \/>\u2022 1 litro(s) de azeite de oliva<br \/>\u2022 1 unidade(s) de cebola em rodelas<br \/>\u2022 2 dente(s) de alho amassado(s)<br \/>\u2022 8 folha(s) de hortel\u00e3 picada(s)<\/p>\n<p><span class=\"topico azul\">Preparo<\/span><br \/>Retire as postas de bacalhau da \u00e1gua. Esquente o leite numa panela e cozinhe o bacalhau muito rapidamente, durante dois ou tr\u00eas minutos. Retire as postas com bastante cuidado para que elas n\u00e3o se desfa\u00e7am. Se poss\u00edvel, use uma esp\u00e1tula. Monte o prato num refrat\u00e1rio grande ou numa cumbuca de barro vitrificado, que possa ir ao forno ou \u00e0 mesa. Primeiro, disponha as rodelas de batatas. Regue generosamente com azeite de oliva. Adicione as postas e sobre elas coloque as rodelas de cebola, os dentes de alho amassados e as folhas de hortel\u00e3. Espalhe por cima quatro x\u00edcaras de caf\u00e9 do leite no qual o bacalhau foi aferventado. Esquente o forno em torno de 200 graus. Leve o refrat\u00e1rio ao forno por trinta minutos. Retire e sirva.<\/p>\n<\/div><\/div>\n<div class=\"col medium-6 small-12 large-6\"  ><div class=\"col-inner\"  >\n\t<div class=\"img has-hover x md-x lg-x y md-y lg-y\" id=\"image_1681457930\">\n\t\t\t\t\t\t\t\t<div class=\"img-inner image-cover dark\" style=\"padding-top:90%;\">\n\t\t\t<img loading=\"lazy\" decoding=\"async\" width=\"540\" height=\"600\" src=\"https:\/\/lebimportadora.com.br\/wp-content\/uploads\/2019\/02\/bacalhau.jpg\" class=\"attachment-large size-large\" alt=\"\" srcset=\"https:\/\/lebimportadora.com.br\/wp-content\/uploads\/2019\/02\/bacalhau.jpg 540w, https:\/\/lebimportadora.com.br\/wp-content\/uploads\/2019\/02\/bacalhau-270x300.jpg 270w\" sizes=\"(max-width: 540px) 100vw, 540px\" \/>\t\t\t\t\t\t\n\t\t\t\t\t<\/div>\n\t\t\t\t\t\t\t\t\n<style scope=\"scope\">\n\n#image_1681457930 {\n  width: 100%;\n}\n<\/style>\n\t<\/div>\n\t\n<\/div><\/div>\n\n<style scope=\"scope\">\n\n<\/style>\n<\/div>\n\t\t<\/div><!-- .section-content -->\n\n\t\t\n<style scope=\"scope\">\n\n#section_1065451175 {\n  padding-top: 50px;\n  padding-bottom: 50px;\n  background-color: rgb(46, 48, 146);\n}\n<\/style>\n\t<\/section>\n\t\n\t<section class=\"section dark\" id=\"section_217269247\">\n\t\t<div class=\"bg section-bg fill bg-fill  bg-loaded\" >\n\n\t\t\t\n\t\t\t\n\t\t\t\n\n\t\t<\/div><!-- .section-bg -->\n\n\t\t<div class=\"section-content relative\">\n\t\t\t\n<div class=\"row row-collapse row-full-width align-middle align-center\"  id=\"row-78077933\">\n<div class=\"col medium-8 small-12 large-8\"  ><div class=\"col-inner text-left\" style=\"padding:5% 5% 5% 5%;\" >\n<h2><span class=\"titulo azul\">Bacalhau Assado com Batatas ao Murro<\/span><\/h2>\n<p><span class=\"topico azul\" style=\"font-size: 90%;\">Ingredientes<\/span><br \/><span style=\"font-size: 90%;\">\u2022 1 kg de bacalhau ling demolhados<\/span><br \/><span style=\"font-size: 90%;\">\u2022 750 ml de azeite<\/span><br \/><span style=\"font-size: 90%;\">\u2022 6 dente(s) de alho em rodelas<\/span><br \/><span style=\"font-size: 90%;\">\u2022 1 kg de batata<\/span><br \/><span style=\"font-size: 90%;\">\u2022 1 kg de sal grosso<\/span><br \/><span style=\"font-size: 90%;\">\u2022 2 unid. de piment\u00e3o verde picados<\/span><br \/><span style=\"font-size: 90%;\">\u2022 2 unid. de piment\u00e3o amarelo picados<\/span><br \/><span style=\"font-size: 90%;\">\u2022 2 unid. de piment\u00e3o vermelho picados<\/span><\/p>\n<p><span class=\"topico azul\" style=\"font-size: 90%;\">Preparo<\/span><br \/><span style=\"font-size: 90%;\">Lave bem e seque as batatas (com a casca). Coloque-as numa assadeira e envolva-as em sal grosso. Leve ao forno \u00e0 temperatura de 200\u00baC por volta de 45 minutos. Retire as batatas do forno, remova todo o excesso de sal e reserve. Grelhe o bacalhau, em peda\u00e7os grandes, j\u00e1 demolhado (mais ou menos 12 horas,trocando-se a \u00e1gua) sobre a chapa do fog\u00e3o at\u00e9 ficar bem tostado. Rasgue-o em lascas, retirando as espinhas e a pele. Reserve. Com um garfo, espete os piment\u00f5es frescos, um a um, e coloque sobre a chama do fog\u00e3o, virando-os at\u00e9 ficarem bem queimados. Lave em \u00e1gua corrente, retirando a pele queimada e as sementes. Rasgue e Reserve. Numa panela, coloque o azeite e o alho. Leve ao fogo e espere levantar fervura (n\u00e3o deixe o alho queimar). Retire do fogo e reserve.<\/span><\/p>\n<p><span class=\"topico azul\" style=\"font-size: 90%;\">Montagem<\/span><br \/><span style=\"font-size: 90%;\">Coloque numa assadeira (funda) o azeite com alho, as tiras de piment\u00e3o, o bacalhau, e mexa devagar. Pegue as batatas e d\u00ea um murro (de leve). Coloque na assadeira. Envolva no azeite e leve ao forno para aquecer. Sirva com arroz branco e br\u00f3colis refogado no azeite. Rendimento: 10 por\u00e7\u00f5es.<\/span><\/p>\n<\/div><\/div>\n<div class=\"col medium-4 small-12 large-4\"  ><div class=\"col-inner\"  >\n\t<div class=\"img has-hover x md-x lg-x y md-y lg-y\" id=\"image_1874224626\">\n\t\t\t\t\t\t\t\t<div class=\"img-inner image-cover dark\" style=\"padding-top:140%;\">\n\t\t\t<img loading=\"lazy\" decoding=\"async\" width=\"540\" height=\"600\" src=\"https:\/\/lebimportadora.com.br\/wp-content\/uploads\/2019\/02\/bacalhau2.png\" class=\"attachment-large size-large\" alt=\"\" srcset=\"https:\/\/lebimportadora.com.br\/wp-content\/uploads\/2019\/02\/bacalhau2.png 540w, https:\/\/lebimportadora.com.br\/wp-content\/uploads\/2019\/02\/bacalhau2-270x300.png 270w\" sizes=\"(max-width: 540px) 100vw, 540px\" \/>\t\t\t\t\t\t\n\t\t\t\t\t<\/div>\n\t\t\t\t\t\t\t\t\n<style scope=\"scope\">\n\n#image_1874224626 {\n  width: 100%;\n}\n<\/style>\n\t<\/div>\n\t\n<\/div><\/div>\n\n<style scope=\"scope\">\n\n<\/style>\n<\/div>\n\t\t<\/div><!-- .section-content -->\n\n\t\t\n<style scope=\"scope\">\n\n#section_217269247 {\n  padding-top: 0px;\n  padding-bottom: 0px;\n  background-color: rgb(46, 48, 146);\n}\n<\/style>\n\t<\/section>\n\t\n","protected":false},"excerpt":{"rendered":"","protected":false},"author":3,"featured_media":0,"parent":0,"menu_order":0,"comment_status":"closed","ping_status":"closed","template":"page-blank.php","meta":{"footnotes":""},"_links":{"self":[{"href":"https:\/\/lebimportadora.com.br\/index.php\/wp-json\/wp\/v2\/pages\/9"}],"collection":[{"href":"https:\/\/lebimportadora.com.br\/index.php\/wp-json\/wp\/v2\/pages"}],"about":[{"href":"https:\/\/lebimportadora.com.br\/index.php\/wp-json\/wp\/v2\/types\/page"}],"author":[{"embeddable":true,"href":"https:\/\/lebimportadora.com.br\/index.php\/wp-json\/wp\/v2\/users\/3"}],"replies":[{"embeddable":true,"href":"https:\/\/lebimportadora.com.br\/index.php\/wp-json\/wp\/v2\/comments?post=9"}],"version-history":[{"count":32,"href":"https:\/\/lebimportadora.com.br\/index.php\/wp-json\/wp\/v2\/pages\/9\/revisions"}],"predecessor-version":[{"id":788,"href":"https:\/\/lebimportadora.com.br\/index.php\/wp-json\/wp\/v2\/pages\/9\/revisions\/788"}],"wp:attachment":[{"href":"https:\/\/lebimportadora.com.br\/index.php\/wp-json\/wp\/v2\/media?parent=9"}],"curies":[{"name":"wp","href":"https:\/\/api.w.org\/{rel}","templated":true}]}}